{"id":12217,"date":"2024-08-01T15:23:45","date_gmt":"2024-08-01T15:23:45","guid":{"rendered":"https:\/\/denigris1889-com.preview-domain.com\/?page_id=12217"},"modified":"2026-01-28T14:13:32","modified_gmt":"2026-01-28T14:13:32","slug":"sostenibilita","status":"publish","type":"page","link":"https:\/\/www.denigris1889.com\/it\/azienda\/sostenibilita\/","title":{"rendered":"Sostenibilit\u00e0"},"content":{"rendered":"<h2 style=\"text-align: center\"><strong>RICREARE IL FUTURO.<\/strong><\/h2>\n<p style=\"text-align: center\">Le nostre radici affondano nelle generazioni di maestri acetieri che ci hanno preceduto, ma il nostro sguardo \u00e8 rivolto al domani.<\/p>\n<p style=\"text-align: center\">Per questo, desideriamo essere un&#8217;azienda all&#8217;avanguardia sui temi della sostenibilit\u00e0, reinterpretando e ristrutturando tradizioni antiche attraverso i nostri prodotti e il nostro modo di operare. Crediamo fermamente che il successo a lungo termine sia strettamente legato alla gestione responsabile delle sfide ambientali, sociali ed economiche e alla capacit\u00e0 di cogliere con spirito di innovazione e creativit\u00e0 le opportunit\u00e0 che da esse possono emergere.<\/p>\n","protected":false},"excerpt":{"rendered":"<p>RICREARE IL FUTURO. Le nostre radici affondano nelle generazioni di maestri acetieri che ci hanno preceduto, ma il nostro sguardo \u00e8 rivolto al domani. Per questo, desideriamo essere un&#8217;azienda all&#8217;avanguardia sui temi della sostenibilit\u00e0, reinterpretando e ristrutturando tradizioni antiche attraverso i nostri prodotti e il nostro modo di operare. Crediamo fermamente che il successo a [&hellip;]<\/p>\n","protected":false},"author":4,"featured_media":5462,"parent":838,"menu_order":0,"comment_status":"closed","ping_status":"closed","template":"","meta":{"_acf_changed":false,"inline_featured_image":false,"footnotes":""},"class_list":["post-12217","page","type-page","status-publish","has-post-thumbnail","hentry"],"acf":[],"yoast_head":"<!-- This site is optimized with the Yoast SEO plugin v27.2 - https:\/\/yoast.com\/product\/yoast-seo-wordpress\/ -->\n<title>Sostenibilit\u00e0 - De Nigris 1889<\/title>\n<meta name=\"description\" content=\"Crediamo fermamente che il successo sia legato alla gestione responsabile delle sfide ambientali, sociali ed economiche.\" \/>\n<meta name=\"robots\" content=\"index, follow, max-snippet:-1, max-image-preview:large, max-video-preview:-1\" \/>\n<link rel=\"canonical\" href=\"https:\/\/www.denigris1889.com\/it\/azienda\/sostenibilita\/\" \/>\n<meta property=\"og:locale\" content=\"it_IT\" \/>\n<meta property=\"og:type\" content=\"article\" \/>\n<meta property=\"og:title\" content=\"Sostenibilit\u00e0 - De Nigris 1889\" \/>\n<meta property=\"og:description\" content=\"Crediamo fermamente che il successo sia legato alla gestione responsabile delle sfide ambientali, sociali ed economiche.\" \/>\n<meta property=\"og:url\" content=\"https:\/\/www.denigris1889.com\/it\/azienda\/sostenibilita\/\" \/>\n<meta property=\"og:site_name\" content=\"De Nigris 1889\" \/>\n<meta property=\"article:modified_time\" content=\"2026-01-28T14:13:32+00:00\" \/>\n<meta property=\"og:image\" content=\"https:\/\/www.denigris1889.com\/wp-content\/uploads\/2022\/09\/SFONDO.png\" \/>\n\t<meta property=\"og:image:width\" content=\"1920\" \/>\n\t<meta property=\"og:image:height\" content=\"550\" \/>\n\t<meta property=\"og:image:type\" content=\"image\/png\" \/>\n<meta name=\"twitter:card\" content=\"summary_large_image\" \/>\n<script type=\"application\/ld+json\" class=\"yoast-schema-graph\">{\"@context\":\"https:\/\/schema.org\",\"@graph\":[{\"@type\":\"WebPage\",\"@id\":\"https:\/\/www.denigris1889.com\/it\/azienda\/sostenibilita\/\",\"url\":\"https:\/\/www.denigris1889.com\/it\/azienda\/sostenibilita\/\",\"name\":\"Sostenibilit\u00e0 - De Nigris 1889\",\"isPartOf\":{\"@id\":\"https:\/\/www.denigris1889.com\/it\/#website\"},\"primaryImageOfPage\":{\"@id\":\"https:\/\/www.denigris1889.com\/it\/azienda\/sostenibilita\/#primaryimage\"},\"image\":{\"@id\":\"https:\/\/www.denigris1889.com\/it\/azienda\/sostenibilita\/#primaryimage\"},\"thumbnailUrl\":\"https:\/\/www.denigris1889.com\/wp-content\/uploads\/2022\/09\/SFONDO.png\",\"datePublished\":\"2024-08-01T15:23:45+00:00\",\"dateModified\":\"2026-01-28T14:13:32+00:00\",\"description\":\"Crediamo fermamente che il successo sia legato alla gestione responsabile delle sfide ambientali, sociali ed economiche.\",\"breadcrumb\":{\"@id\":\"https:\/\/www.denigris1889.com\/it\/azienda\/sostenibilita\/#breadcrumb\"},\"inLanguage\":\"it-IT\",\"potentialAction\":[{\"@type\":\"ReadAction\",\"target\":[\"https:\/\/www.denigris1889.com\/it\/azienda\/sostenibilita\/\"]}]},{\"@type\":\"ImageObject\",\"inLanguage\":\"it-IT\",\"@id\":\"https:\/\/www.denigris1889.com\/it\/azienda\/sostenibilita\/#primaryimage\",\"url\":\"https:\/\/www.denigris1889.com\/wp-content\/uploads\/2022\/09\/SFONDO.png\",\"contentUrl\":\"https:\/\/www.denigris1889.com\/wp-content\/uploads\/2022\/09\/SFONDO.png\",\"width\":1920,\"height\":550,\"caption\":\"BILANCIO\"},{\"@type\":\"BreadcrumbList\",\"@id\":\"https:\/\/www.denigris1889.com\/it\/azienda\/sostenibilita\/#breadcrumb\",\"itemListElement\":[{\"@type\":\"ListItem\",\"position\":1,\"name\":\"Home\",\"item\":\"https:\/\/www.denigris1889.com\/it\/\"},{\"@type\":\"ListItem\",\"position\":2,\"name\":\"Azienda\",\"item\":\"https:\/\/www.denigris1889.com\/it\/azienda\/\"},{\"@type\":\"ListItem\",\"position\":3,\"name\":\"Sostenibilit\u00e0\"}]},{\"@type\":\"WebSite\",\"@id\":\"https:\/\/www.denigris1889.com\/it\/#website\",\"url\":\"https:\/\/www.denigris1889.com\/it\/\",\"name\":\"De Nigris 1889\",\"description\":\"Acetificio De Nigris 1889\",\"potentialAction\":[{\"@type\":\"SearchAction\",\"target\":{\"@type\":\"EntryPoint\",\"urlTemplate\":\"https:\/\/www.denigris1889.com\/it\/?s={search_term_string}\"},\"query-input\":{\"@type\":\"PropertyValueSpecification\",\"valueRequired\":true,\"valueName\":\"search_term_string\"}}],\"inLanguage\":\"it-IT\"}]}<\/script>\n<!-- \/ Yoast SEO plugin. -->","yoast_head_json":{"title":"Sostenibilit\u00e0 - De Nigris 1889","description":"Crediamo fermamente che il successo sia legato alla gestione responsabile delle sfide ambientali, sociali ed economiche.","robots":{"index":"index","follow":"follow","max-snippet":"max-snippet:-1","max-image-preview":"max-image-preview:large","max-video-preview":"max-video-preview:-1"},"canonical":"https:\/\/www.denigris1889.com\/it\/azienda\/sostenibilita\/","og_locale":"it_IT","og_type":"article","og_title":"Sostenibilit\u00e0 - De Nigris 1889","og_description":"Crediamo fermamente che il successo sia legato alla gestione responsabile delle sfide ambientali, sociali ed economiche.","og_url":"https:\/\/www.denigris1889.com\/it\/azienda\/sostenibilita\/","og_site_name":"De Nigris 1889","article_modified_time":"2026-01-28T14:13:32+00:00","og_image":[{"width":1920,"height":550,"url":"https:\/\/www.denigris1889.com\/wp-content\/uploads\/2022\/09\/SFONDO.png","type":"image\/png"}],"twitter_card":"summary_large_image","schema":{"@context":"https:\/\/schema.org","@graph":[{"@type":"WebPage","@id":"https:\/\/www.denigris1889.com\/it\/azienda\/sostenibilita\/","url":"https:\/\/www.denigris1889.com\/it\/azienda\/sostenibilita\/","name":"Sostenibilit\u00e0 - De Nigris 1889","isPartOf":{"@id":"https:\/\/www.denigris1889.com\/it\/#website"},"primaryImageOfPage":{"@id":"https:\/\/www.denigris1889.com\/it\/azienda\/sostenibilita\/#primaryimage"},"image":{"@id":"https:\/\/www.denigris1889.com\/it\/azienda\/sostenibilita\/#primaryimage"},"thumbnailUrl":"https:\/\/www.denigris1889.com\/wp-content\/uploads\/2022\/09\/SFONDO.png","datePublished":"2024-08-01T15:23:45+00:00","dateModified":"2026-01-28T14:13:32+00:00","description":"Crediamo fermamente che il successo sia legato alla gestione responsabile delle sfide ambientali, sociali ed economiche.","breadcrumb":{"@id":"https:\/\/www.denigris1889.com\/it\/azienda\/sostenibilita\/#breadcrumb"},"inLanguage":"it-IT","potentialAction":[{"@type":"ReadAction","target":["https:\/\/www.denigris1889.com\/it\/azienda\/sostenibilita\/"]}]},{"@type":"ImageObject","inLanguage":"it-IT","@id":"https:\/\/www.denigris1889.com\/it\/azienda\/sostenibilita\/#primaryimage","url":"https:\/\/www.denigris1889.com\/wp-content\/uploads\/2022\/09\/SFONDO.png","contentUrl":"https:\/\/www.denigris1889.com\/wp-content\/uploads\/2022\/09\/SFONDO.png","width":1920,"height":550,"caption":"BILANCIO"},{"@type":"BreadcrumbList","@id":"https:\/\/www.denigris1889.com\/it\/azienda\/sostenibilita\/#breadcrumb","itemListElement":[{"@type":"ListItem","position":1,"name":"Home","item":"https:\/\/www.denigris1889.com\/it\/"},{"@type":"ListItem","position":2,"name":"Azienda","item":"https:\/\/www.denigris1889.com\/it\/azienda\/"},{"@type":"ListItem","position":3,"name":"Sostenibilit\u00e0"}]},{"@type":"WebSite","@id":"https:\/\/www.denigris1889.com\/it\/#website","url":"https:\/\/www.denigris1889.com\/it\/","name":"De Nigris 1889","description":"Acetificio De Nigris 1889","potentialAction":[{"@type":"SearchAction","target":{"@type":"EntryPoint","urlTemplate":"https:\/\/www.denigris1889.com\/it\/?s={search_term_string}"},"query-input":{"@type":"PropertyValueSpecification","valueRequired":true,"valueName":"search_term_string"}}],"inLanguage":"it-IT"}]}},"_links":{"self":[{"href":"https:\/\/www.denigris1889.com\/it\/wp-json\/wp\/v2\/pages\/12217","targetHints":{"allow":["GET"]}}],"collection":[{"href":"https:\/\/www.denigris1889.com\/it\/wp-json\/wp\/v2\/pages"}],"about":[{"href":"https:\/\/www.denigris1889.com\/it\/wp-json\/wp\/v2\/types\/page"}],"author":[{"embeddable":true,"href":"https:\/\/www.denigris1889.com\/it\/wp-json\/wp\/v2\/users\/4"}],"replies":[{"embeddable":true,"href":"https:\/\/www.denigris1889.com\/it\/wp-json\/wp\/v2\/comments?post=12217"}],"version-history":[{"count":38,"href":"https:\/\/www.denigris1889.com\/it\/wp-json\/wp\/v2\/pages\/12217\/revisions"}],"predecessor-version":[{"id":15735,"href":"https:\/\/www.denigris1889.com\/it\/wp-json\/wp\/v2\/pages\/12217\/revisions\/15735"}],"up":[{"embeddable":true,"href":"https:\/\/www.denigris1889.com\/it\/wp-json\/wp\/v2\/pages\/838"}],"wp:featuredmedia":[{"embeddable":true,"href":"https:\/\/www.denigris1889.com\/it\/wp-json\/wp\/v2\/media\/5462"}],"wp:attachment":[{"href":"https:\/\/www.denigris1889.com\/it\/wp-json\/wp\/v2\/media?parent=12217"}],"curies":[{"name":"wp","href":"https:\/\/api.w.org\/{rel}","templated":true}]}}