{"id":13658,"date":"2025-01-15T12:38:26","date_gmt":"2025-01-15T12:38:26","guid":{"rendered":"https:\/\/www.denigris1889.com\/?page_id=13658"},"modified":"2026-02-23T09:35:39","modified_gmt":"2026-02-23T09:35:39","slug":"le-nostre-policy-aziendali","status":"publish","type":"page","link":"https:\/\/www.denigris1889.com\/it\/azienda\/le-nostre-policy-aziendali\/","title":{"rendered":"Le Nostre Policy Aziendali"},"content":{"rendered":"","protected":false},"excerpt":{"rendered":"","protected":false},"author":4,"featured_media":0,"parent":838,"menu_order":0,"comment_status":"closed","ping_status":"closed","template":"","meta":{"_acf_changed":false,"inline_featured_image":false,"footnotes":""},"class_list":["post-13658","page","type-page","status-publish","hentry"],"acf":[],"yoast_head":"<!-- This site is optimized with the Yoast SEO plugin v27.2 - https:\/\/yoast.com\/product\/yoast-seo-wordpress\/ -->\n<title>Le Nostre Policy Aziendali<\/title>\n<meta name=\"description\" content=\"La nostra azienda \u00e8 impegnata a garantire un ambiente di lavoro che rispetti i pi\u00f9 alti standard di sicurezza, salute, etica, qualit\u00e0...\" \/>\n<meta name=\"robots\" content=\"index, follow, max-snippet:-1, max-image-preview:large, max-video-preview:-1\" \/>\n<link rel=\"canonical\" href=\"https:\/\/www.denigris1889.com\/it\/azienda\/le-nostre-policy-aziendali\/\" \/>\n<meta property=\"og:locale\" content=\"it_IT\" \/>\n<meta property=\"og:type\" content=\"article\" \/>\n<meta property=\"og:title\" content=\"Le Nostre Policy Aziendali\" \/>\n<meta property=\"og:description\" content=\"La nostra azienda \u00e8 impegnata a garantire un ambiente di lavoro che rispetti i pi\u00f9 alti standard di sicurezza, salute, etica, qualit\u00e0...\" \/>\n<meta property=\"og:url\" content=\"https:\/\/www.denigris1889.com\/it\/azienda\/le-nostre-policy-aziendali\/\" \/>\n<meta property=\"og:site_name\" content=\"De Nigris 1889\" \/>\n<meta property=\"article:modified_time\" content=\"2026-02-23T09:35:39+00:00\" \/>\n<meta name=\"twitter:card\" content=\"summary_large_image\" \/>\n<meta name=\"twitter:label1\" content=\"Tempo di lettura stimato\" \/>\n\t<meta name=\"twitter:data1\" content=\"1 minuto\" \/>\n<script type=\"application\/ld+json\" class=\"yoast-schema-graph\">{\"@context\":\"https:\/\/schema.org\",\"@graph\":[{\"@type\":\"WebPage\",\"@id\":\"https:\/\/www.denigris1889.com\/it\/azienda\/le-nostre-policy-aziendali\/\",\"url\":\"https:\/\/www.denigris1889.com\/it\/azienda\/le-nostre-policy-aziendali\/\",\"name\":\"Le Nostre Policy Aziendali\",\"isPartOf\":{\"@id\":\"https:\/\/www.denigris1889.com\/it\/#website\"},\"datePublished\":\"2025-01-15T12:38:26+00:00\",\"dateModified\":\"2026-02-23T09:35:39+00:00\",\"description\":\"La nostra azienda \u00e8 impegnata a garantire un ambiente di lavoro che rispetti i pi\u00f9 alti standard di sicurezza, salute, etica, qualit\u00e0...\",\"breadcrumb\":{\"@id\":\"https:\/\/www.denigris1889.com\/it\/azienda\/le-nostre-policy-aziendali\/#breadcrumb\"},\"inLanguage\":\"it-IT\",\"potentialAction\":[{\"@type\":\"ReadAction\",\"target\":[\"https:\/\/www.denigris1889.com\/it\/azienda\/le-nostre-policy-aziendali\/\"]}]},{\"@type\":\"BreadcrumbList\",\"@id\":\"https:\/\/www.denigris1889.com\/it\/azienda\/le-nostre-policy-aziendali\/#breadcrumb\",\"itemListElement\":[{\"@type\":\"ListItem\",\"position\":1,\"name\":\"Home\",\"item\":\"https:\/\/www.denigris1889.com\/it\/\"},{\"@type\":\"ListItem\",\"position\":2,\"name\":\"Azienda\",\"item\":\"https:\/\/www.denigris1889.com\/it\/azienda\/\"},{\"@type\":\"ListItem\",\"position\":3,\"name\":\"Le Nostre Policy Aziendali\"}]},{\"@type\":\"WebSite\",\"@id\":\"https:\/\/www.denigris1889.com\/it\/#website\",\"url\":\"https:\/\/www.denigris1889.com\/it\/\",\"name\":\"De Nigris 1889\",\"description\":\"Acetificio De Nigris 1889\",\"potentialAction\":[{\"@type\":\"SearchAction\",\"target\":{\"@type\":\"EntryPoint\",\"urlTemplate\":\"https:\/\/www.denigris1889.com\/it\/?s={search_term_string}\"},\"query-input\":{\"@type\":\"PropertyValueSpecification\",\"valueRequired\":true,\"valueName\":\"search_term_string\"}}],\"inLanguage\":\"it-IT\"}]}<\/script>\n<!-- \/ Yoast SEO plugin. -->","yoast_head_json":{"title":"Le Nostre Policy Aziendali","description":"La nostra azienda \u00e8 impegnata a garantire un ambiente di lavoro che rispetti i pi\u00f9 alti standard di sicurezza, salute, etica, qualit\u00e0...","robots":{"index":"index","follow":"follow","max-snippet":"max-snippet:-1","max-image-preview":"max-image-preview:large","max-video-preview":"max-video-preview:-1"},"canonical":"https:\/\/www.denigris1889.com\/it\/azienda\/le-nostre-policy-aziendali\/","og_locale":"it_IT","og_type":"article","og_title":"Le Nostre Policy Aziendali","og_description":"La nostra azienda \u00e8 impegnata a garantire un ambiente di lavoro che rispetti i pi\u00f9 alti standard di sicurezza, salute, etica, qualit\u00e0...","og_url":"https:\/\/www.denigris1889.com\/it\/azienda\/le-nostre-policy-aziendali\/","og_site_name":"De Nigris 1889","article_modified_time":"2026-02-23T09:35:39+00:00","twitter_card":"summary_large_image","twitter_misc":{"Tempo di lettura stimato":"1 minuto"},"schema":{"@context":"https:\/\/schema.org","@graph":[{"@type":"WebPage","@id":"https:\/\/www.denigris1889.com\/it\/azienda\/le-nostre-policy-aziendali\/","url":"https:\/\/www.denigris1889.com\/it\/azienda\/le-nostre-policy-aziendali\/","name":"Le Nostre Policy Aziendali","isPartOf":{"@id":"https:\/\/www.denigris1889.com\/it\/#website"},"datePublished":"2025-01-15T12:38:26+00:00","dateModified":"2026-02-23T09:35:39+00:00","description":"La nostra azienda \u00e8 impegnata a garantire un ambiente di lavoro che rispetti i pi\u00f9 alti standard di sicurezza, salute, etica, qualit\u00e0...","breadcrumb":{"@id":"https:\/\/www.denigris1889.com\/it\/azienda\/le-nostre-policy-aziendali\/#breadcrumb"},"inLanguage":"it-IT","potentialAction":[{"@type":"ReadAction","target":["https:\/\/www.denigris1889.com\/it\/azienda\/le-nostre-policy-aziendali\/"]}]},{"@type":"BreadcrumbList","@id":"https:\/\/www.denigris1889.com\/it\/azienda\/le-nostre-policy-aziendali\/#breadcrumb","itemListElement":[{"@type":"ListItem","position":1,"name":"Home","item":"https:\/\/www.denigris1889.com\/it\/"},{"@type":"ListItem","position":2,"name":"Azienda","item":"https:\/\/www.denigris1889.com\/it\/azienda\/"},{"@type":"ListItem","position":3,"name":"Le Nostre Policy Aziendali"}]},{"@type":"WebSite","@id":"https:\/\/www.denigris1889.com\/it\/#website","url":"https:\/\/www.denigris1889.com\/it\/","name":"De Nigris 1889","description":"Acetificio De Nigris 1889","potentialAction":[{"@type":"SearchAction","target":{"@type":"EntryPoint","urlTemplate":"https:\/\/www.denigris1889.com\/it\/?s={search_term_string}"},"query-input":{"@type":"PropertyValueSpecification","valueRequired":true,"valueName":"search_term_string"}}],"inLanguage":"it-IT"}]}},"_links":{"self":[{"href":"https:\/\/www.denigris1889.com\/it\/wp-json\/wp\/v2\/pages\/13658","targetHints":{"allow":["GET"]}}],"collection":[{"href":"https:\/\/www.denigris1889.com\/it\/wp-json\/wp\/v2\/pages"}],"about":[{"href":"https:\/\/www.denigris1889.com\/it\/wp-json\/wp\/v2\/types\/page"}],"author":[{"embeddable":true,"href":"https:\/\/www.denigris1889.com\/it\/wp-json\/wp\/v2\/users\/4"}],"replies":[{"embeddable":true,"href":"https:\/\/www.denigris1889.com\/it\/wp-json\/wp\/v2\/comments?post=13658"}],"version-history":[{"count":25,"href":"https:\/\/www.denigris1889.com\/it\/wp-json\/wp\/v2\/pages\/13658\/revisions"}],"predecessor-version":[{"id":15851,"href":"https:\/\/www.denigris1889.com\/it\/wp-json\/wp\/v2\/pages\/13658\/revisions\/15851"}],"up":[{"embeddable":true,"href":"https:\/\/www.denigris1889.com\/it\/wp-json\/wp\/v2\/pages\/838"}],"wp:attachment":[{"href":"https:\/\/www.denigris1889.com\/it\/wp-json\/wp\/v2\/media?parent=13658"}],"curies":[{"name":"wp","href":"https:\/\/api.w.org\/{rel}","templated":true}]}}