{"id":13855,"date":"2025-01-28T15:29:09","date_gmt":"2025-01-28T15:29:09","guid":{"rendered":"https:\/\/www.denigris1889.com\/?page_id=13855"},"modified":"2025-05-27T11:31:01","modified_gmt":"2025-05-27T11:31:01","slug":"perpetual-collection-fr","status":"publish","type":"page","link":"https:\/\/www.denigris1889.com\/it\/perpetual-collection-fr\/","title":{"rendered":"Perpetual Collection"},"content":{"rendered":"<h2 style=\"text-align: center\">Elle est le r\u00e9sultat d&#8217;une fusion entre la cr\u00e9ativit\u00e9 et l&#8217;exp\u00e9rience transmise par des g\u00e9n\u00e9rations de ma\u00eetres vinaigriers De Nigris.<\/h2>\n<p style=\"text-align: center\">Une collection qui vise \u00e0 offrir des exp\u00e9riences gastronomiques qui surprennent le palais gr\u00e2ce \u00e0 une s\u00e9lection de vinaigres inspir\u00e9s par la tradition mais interpr\u00e9t\u00e9s dans une cl\u00e9 contemporaine.<\/p>\n<p style=\"text-align: center\">Une vari\u00e9t\u00e9 de saveurs complexes pour une exp\u00e9rience culinaire exclusive.<\/p>\n","protected":false},"excerpt":{"rendered":"<p>Elle est le r\u00e9sultat d&#8217;une fusion entre la cr\u00e9ativit\u00e9 et l&#8217;exp\u00e9rience transmise par des g\u00e9n\u00e9rations de ma\u00eetres vinaigriers De Nigris. Une collection qui vise \u00e0 offrir des exp\u00e9riences gastronomiques qui surprennent le palais gr\u00e2ce \u00e0 une s\u00e9lection de vinaigres inspir\u00e9s par la tradition mais interpr\u00e9t\u00e9s dans une cl\u00e9 contemporaine. Une vari\u00e9t\u00e9 de saveurs complexes pour [&hellip;]<\/p>\n","protected":false},"author":4,"featured_media":12952,"parent":0,"menu_order":0,"comment_status":"closed","ping_status":"closed","template":"templ-landingpage-dark.php","meta":{"_acf_changed":false,"inline_featured_image":false,"footnotes":""},"class_list":["post-13855","page","type-page","status-publish","has-post-thumbnail","hentry"],"acf":[],"yoast_head":"<!-- This site is optimized with the Yoast SEO plugin v27.2 - https:\/\/yoast.com\/product\/yoast-seo-wordpress\/ -->\n<title>Perpetual Collection - De Nigris 1889<\/title>\n<meta name=\"description\" content=\"Une s\u00e9lection de vinaigres inspir\u00e9s de la tradition mais interpr\u00e9t\u00e9s de mani\u00e8re contemporaine pour une exp\u00e9rience culinaire exclusive.\" \/>\n<meta name=\"robots\" content=\"index, follow, max-snippet:-1, max-image-preview:large, max-video-preview:-1\" \/>\n<link rel=\"canonical\" href=\"https:\/\/www.denigris1889.com\/it\/perpetual-collection-fr\/\" \/>\n<meta property=\"og:locale\" content=\"it_IT\" \/>\n<meta property=\"og:type\" content=\"article\" \/>\n<meta property=\"og:title\" content=\"Perpetual Collection - De Nigris 1889\" \/>\n<meta property=\"og:description\" content=\"Une s\u00e9lection de vinaigres inspir\u00e9s de la tradition mais interpr\u00e9t\u00e9s de mani\u00e8re contemporaine pour une exp\u00e9rience culinaire exclusive.\" \/>\n<meta property=\"og:url\" content=\"https:\/\/www.denigris1889.com\/it\/perpetual-collection-fr\/\" \/>\n<meta property=\"og:site_name\" content=\"De Nigris 1889\" \/>\n<meta property=\"article:modified_time\" content=\"2025-05-27T11:31:01+00:00\" \/>\n<meta property=\"og:image\" content=\"https:\/\/www.denigris1889.com\/wp-content\/uploads\/2024\/11\/hero-bg-landing-dark.png\" \/>\n\t<meta property=\"og:image:width\" content=\"1440\" \/>\n\t<meta property=\"og:image:height\" content=\"459\" \/>\n\t<meta property=\"og:image:type\" content=\"image\/png\" \/>\n<meta name=\"twitter:card\" content=\"summary_large_image\" \/>\n<script type=\"application\/ld+json\" class=\"yoast-schema-graph\">{\"@context\":\"https:\/\/schema.org\",\"@graph\":[{\"@type\":\"WebPage\",\"@id\":\"https:\/\/www.denigris1889.com\/it\/perpetual-collection-fr\/\",\"url\":\"https:\/\/www.denigris1889.com\/it\/perpetual-collection-fr\/\",\"name\":\"Perpetual Collection - De Nigris 1889\",\"isPartOf\":{\"@id\":\"https:\/\/www.denigris1889.com\/it\/#website\"},\"primaryImageOfPage\":{\"@id\":\"https:\/\/www.denigris1889.com\/it\/perpetual-collection-fr\/#primaryimage\"},\"image\":{\"@id\":\"https:\/\/www.denigris1889.com\/it\/perpetual-collection-fr\/#primaryimage\"},\"thumbnailUrl\":\"https:\/\/www.denigris1889.com\/wp-content\/uploads\/2024\/11\/hero-bg-landing-dark.png\",\"datePublished\":\"2025-01-28T15:29:09+00:00\",\"dateModified\":\"2025-05-27T11:31:01+00:00\",\"description\":\"Une s\u00e9lection de vinaigres inspir\u00e9s de la tradition mais interpr\u00e9t\u00e9s de mani\u00e8re contemporaine pour une exp\u00e9rience culinaire exclusive.\",\"breadcrumb\":{\"@id\":\"https:\/\/www.denigris1889.com\/it\/perpetual-collection-fr\/#breadcrumb\"},\"inLanguage\":\"it-IT\",\"potentialAction\":[{\"@type\":\"ReadAction\",\"target\":[\"https:\/\/www.denigris1889.com\/it\/perpetual-collection-fr\/\"]}]},{\"@type\":\"ImageObject\",\"inLanguage\":\"it-IT\",\"@id\":\"https:\/\/www.denigris1889.com\/it\/perpetual-collection-fr\/#primaryimage\",\"url\":\"https:\/\/www.denigris1889.com\/wp-content\/uploads\/2024\/11\/hero-bg-landing-dark.png\",\"contentUrl\":\"https:\/\/www.denigris1889.com\/wp-content\/uploads\/2024\/11\/hero-bg-landing-dark.png\",\"width\":1440,\"height\":459},{\"@type\":\"BreadcrumbList\",\"@id\":\"https:\/\/www.denigris1889.com\/it\/perpetual-collection-fr\/#breadcrumb\",\"itemListElement\":[{\"@type\":\"ListItem\",\"position\":1,\"name\":\"Home\",\"item\":\"https:\/\/www.denigris1889.com\/it\/\"},{\"@type\":\"ListItem\",\"position\":2,\"name\":\"Perpetual Collection\"}]},{\"@type\":\"WebSite\",\"@id\":\"https:\/\/www.denigris1889.com\/it\/#website\",\"url\":\"https:\/\/www.denigris1889.com\/it\/\",\"name\":\"De Nigris 1889\",\"description\":\"Acetificio De Nigris 1889\",\"potentialAction\":[{\"@type\":\"SearchAction\",\"target\":{\"@type\":\"EntryPoint\",\"urlTemplate\":\"https:\/\/www.denigris1889.com\/it\/?s={search_term_string}\"},\"query-input\":{\"@type\":\"PropertyValueSpecification\",\"valueRequired\":true,\"valueName\":\"search_term_string\"}}],\"inLanguage\":\"it-IT\"}]}<\/script>\n<!-- \/ Yoast SEO plugin. -->","yoast_head_json":{"title":"Perpetual Collection - De Nigris 1889","description":"Une s\u00e9lection de vinaigres inspir\u00e9s de la tradition mais interpr\u00e9t\u00e9s de mani\u00e8re contemporaine pour une exp\u00e9rience culinaire exclusive.","robots":{"index":"index","follow":"follow","max-snippet":"max-snippet:-1","max-image-preview":"max-image-preview:large","max-video-preview":"max-video-preview:-1"},"canonical":"https:\/\/www.denigris1889.com\/it\/perpetual-collection-fr\/","og_locale":"it_IT","og_type":"article","og_title":"Perpetual Collection - De Nigris 1889","og_description":"Une s\u00e9lection de vinaigres inspir\u00e9s de la tradition mais interpr\u00e9t\u00e9s de mani\u00e8re contemporaine pour une exp\u00e9rience culinaire exclusive.","og_url":"https:\/\/www.denigris1889.com\/it\/perpetual-collection-fr\/","og_site_name":"De Nigris 1889","article_modified_time":"2025-05-27T11:31:01+00:00","og_image":[{"width":1440,"height":459,"url":"https:\/\/www.denigris1889.com\/wp-content\/uploads\/2024\/11\/hero-bg-landing-dark.png","type":"image\/png"}],"twitter_card":"summary_large_image","schema":{"@context":"https:\/\/schema.org","@graph":[{"@type":"WebPage","@id":"https:\/\/www.denigris1889.com\/it\/perpetual-collection-fr\/","url":"https:\/\/www.denigris1889.com\/it\/perpetual-collection-fr\/","name":"Perpetual Collection - De Nigris 1889","isPartOf":{"@id":"https:\/\/www.denigris1889.com\/it\/#website"},"primaryImageOfPage":{"@id":"https:\/\/www.denigris1889.com\/it\/perpetual-collection-fr\/#primaryimage"},"image":{"@id":"https:\/\/www.denigris1889.com\/it\/perpetual-collection-fr\/#primaryimage"},"thumbnailUrl":"https:\/\/www.denigris1889.com\/wp-content\/uploads\/2024\/11\/hero-bg-landing-dark.png","datePublished":"2025-01-28T15:29:09+00:00","dateModified":"2025-05-27T11:31:01+00:00","description":"Une s\u00e9lection de vinaigres inspir\u00e9s de la tradition mais interpr\u00e9t\u00e9s de mani\u00e8re contemporaine pour une exp\u00e9rience culinaire exclusive.","breadcrumb":{"@id":"https:\/\/www.denigris1889.com\/it\/perpetual-collection-fr\/#breadcrumb"},"inLanguage":"it-IT","potentialAction":[{"@type":"ReadAction","target":["https:\/\/www.denigris1889.com\/it\/perpetual-collection-fr\/"]}]},{"@type":"ImageObject","inLanguage":"it-IT","@id":"https:\/\/www.denigris1889.com\/it\/perpetual-collection-fr\/#primaryimage","url":"https:\/\/www.denigris1889.com\/wp-content\/uploads\/2024\/11\/hero-bg-landing-dark.png","contentUrl":"https:\/\/www.denigris1889.com\/wp-content\/uploads\/2024\/11\/hero-bg-landing-dark.png","width":1440,"height":459},{"@type":"BreadcrumbList","@id":"https:\/\/www.denigris1889.com\/it\/perpetual-collection-fr\/#breadcrumb","itemListElement":[{"@type":"ListItem","position":1,"name":"Home","item":"https:\/\/www.denigris1889.com\/it\/"},{"@type":"ListItem","position":2,"name":"Perpetual Collection"}]},{"@type":"WebSite","@id":"https:\/\/www.denigris1889.com\/it\/#website","url":"https:\/\/www.denigris1889.com\/it\/","name":"De Nigris 1889","description":"Acetificio De Nigris 1889","potentialAction":[{"@type":"SearchAction","target":{"@type":"EntryPoint","urlTemplate":"https:\/\/www.denigris1889.com\/it\/?s={search_term_string}"},"query-input":{"@type":"PropertyValueSpecification","valueRequired":true,"valueName":"search_term_string"}}],"inLanguage":"it-IT"}]}},"_links":{"self":[{"href":"https:\/\/www.denigris1889.com\/it\/wp-json\/wp\/v2\/pages\/13855","targetHints":{"allow":["GET"]}}],"collection":[{"href":"https:\/\/www.denigris1889.com\/it\/wp-json\/wp\/v2\/pages"}],"about":[{"href":"https:\/\/www.denigris1889.com\/it\/wp-json\/wp\/v2\/types\/page"}],"author":[{"embeddable":true,"href":"https:\/\/www.denigris1889.com\/it\/wp-json\/wp\/v2\/users\/4"}],"replies":[{"embeddable":true,"href":"https:\/\/www.denigris1889.com\/it\/wp-json\/wp\/v2\/comments?post=13855"}],"version-history":[{"count":6,"href":"https:\/\/www.denigris1889.com\/it\/wp-json\/wp\/v2\/pages\/13855\/revisions"}],"predecessor-version":[{"id":14616,"href":"https:\/\/www.denigris1889.com\/it\/wp-json\/wp\/v2\/pages\/13855\/revisions\/14616"}],"wp:featuredmedia":[{"embeddable":true,"href":"https:\/\/www.denigris1889.com\/it\/wp-json\/wp\/v2\/media\/12952"}],"wp:attachment":[{"href":"https:\/\/www.denigris1889.com\/it\/wp-json\/wp\/v2\/media?parent=13855"}],"curies":[{"name":"wp","href":"https:\/\/api.w.org\/{rel}","templated":true}]}}