{"id":15031,"date":"2025-08-08T08:41:40","date_gmt":"2025-08-08T08:41:40","guid":{"rendered":"https:\/\/www.denigris1889.com\/?page_id=15031"},"modified":"2025-08-08T08:41:40","modified_gmt":"2025-08-08T08:41:40","slug":"back-to-school","status":"publish","type":"page","link":"https:\/\/www.denigris1889.com\/it\/back-to-school\/","title":{"rendered":"Il rientro ha un sapore speciale"},"content":{"rendered":"<h2 style=\"text-align: center\" data-start=\"196\" data-end=\"538\">Dal <strong>28 agosto<\/strong> al <strong>4 settembre<\/strong>, riempi la dispensa di sapori pronti a ispirare ogni pausa, merenda e cena in famiglia.<br data-start=\"312\" data-end=\"315\" \/>Dalla freschezza della mela biologica alla profondit\u00e0 dei condimenti invecchiati, dalle note fruttate pi\u00f9 esotiche all\u2019eleganza delle perle gourmet: una selezione speciale <strong data-start=\"253\" data-end=\"299\">per cominciare una nuova stagione di gusto<\/strong>.<\/h2>\n","protected":false},"excerpt":{"rendered":"<p>Dal 28 agosto al 4 settembre, riempi la dispensa di sapori pronti a ispirare ogni pausa, merenda e cena in famiglia.Dalla freschezza della mela biologica alla profondit\u00e0 dei condimenti invecchiati, dalle note fruttate pi\u00f9 esotiche all\u2019eleganza delle perle gourmet: una selezione speciale per cominciare una nuova stagione di gusto.<\/p>\n","protected":false},"author":4,"featured_media":14354,"parent":0,"menu_order":0,"comment_status":"closed","ping_status":"closed","template":"","meta":{"_acf_changed":false,"inline_featured_image":false,"footnotes":""},"class_list":["post-15031","page","type-page","status-publish","has-post-thumbnail","hentry"],"acf":[],"yoast_head":"<!-- This site is optimized with the Yoast SEO plugin v27.2 - https:\/\/yoast.com\/product\/yoast-seo-wordpress\/ -->\n<title>\u00c8 arrivato il Back to School: gusto, qualit\u00e0 e sconti esclusivi!<\/title>\n<meta name=\"description\" content=\"Scopri gli sconti esclusivi del Back to School: ingredienti di qualit\u00e0 e sapori creativi per rendere il rientro pi\u00f9 gustoso e leggero.\" \/>\n<meta name=\"robots\" content=\"index, follow, max-snippet:-1, max-image-preview:large, max-video-preview:-1\" \/>\n<link rel=\"canonical\" href=\"https:\/\/www.denigris1889.com\/it\/back-to-school\/\" \/>\n<meta property=\"og:locale\" content=\"it_IT\" \/>\n<meta property=\"og:type\" content=\"article\" \/>\n<meta property=\"og:title\" content=\"\u00c8 arrivato il Back to School: gusto, qualit\u00e0 e sconti esclusivi!\" \/>\n<meta property=\"og:description\" content=\"Scopri gli sconti esclusivi del Back to School: ingredienti di qualit\u00e0 e sapori creativi per rendere il rientro pi\u00f9 gustoso e leggero.\" \/>\n<meta property=\"og:url\" content=\"https:\/\/www.denigris1889.com\/it\/back-to-school\/\" \/>\n<meta property=\"og:site_name\" content=\"De Nigris 1889\" \/>\n<meta property=\"og:image\" content=\"https:\/\/www.denigris1889.com\/wp-content\/uploads\/2025\/04\/De-Nigris-1-scaled.jpg\" \/>\n\t<meta property=\"og:image:width\" content=\"2560\" \/>\n\t<meta property=\"og:image:height\" content=\"1707\" \/>\n\t<meta property=\"og:image:type\" content=\"image\/jpeg\" \/>\n<meta name=\"twitter:card\" content=\"summary_large_image\" \/>\n<meta name=\"twitter:label1\" content=\"Tempo di lettura stimato\" \/>\n\t<meta name=\"twitter:data1\" content=\"1 minuto\" \/>\n<script type=\"application\/ld+json\" class=\"yoast-schema-graph\">{\"@context\":\"https:\/\/schema.org\",\"@graph\":[{\"@type\":\"WebPage\",\"@id\":\"https:\/\/www.denigris1889.com\/it\/back-to-school\/\",\"url\":\"https:\/\/www.denigris1889.com\/it\/back-to-school\/\",\"name\":\"\u00c8 arrivato il Back to School: gusto, qualit\u00e0 e sconti esclusivi!\",\"isPartOf\":{\"@id\":\"https:\/\/www.denigris1889.com\/it\/#website\"},\"primaryImageOfPage\":{\"@id\":\"https:\/\/www.denigris1889.com\/it\/back-to-school\/#primaryimage\"},\"image\":{\"@id\":\"https:\/\/www.denigris1889.com\/it\/back-to-school\/#primaryimage\"},\"thumbnailUrl\":\"https:\/\/www.denigris1889.com\/wp-content\/uploads\/2025\/04\/De-Nigris-1-scaled.jpg\",\"datePublished\":\"2025-08-08T08:41:40+00:00\",\"description\":\"Scopri gli sconti esclusivi del Back to School: ingredienti di qualit\u00e0 e sapori creativi per rendere il rientro pi\u00f9 gustoso e leggero.\",\"breadcrumb\":{\"@id\":\"https:\/\/www.denigris1889.com\/it\/back-to-school\/#breadcrumb\"},\"inLanguage\":\"it-IT\",\"potentialAction\":[{\"@type\":\"ReadAction\",\"target\":[\"https:\/\/www.denigris1889.com\/it\/back-to-school\/\"]}]},{\"@type\":\"ImageObject\",\"inLanguage\":\"it-IT\",\"@id\":\"https:\/\/www.denigris1889.com\/it\/back-to-school\/#primaryimage\",\"url\":\"https:\/\/www.denigris1889.com\/wp-content\/uploads\/2025\/04\/De-Nigris-1-scaled.jpg\",\"contentUrl\":\"https:\/\/www.denigris1889.com\/wp-content\/uploads\/2025\/04\/De-Nigris-1-scaled.jpg\",\"width\":2560,\"height\":1707},{\"@type\":\"BreadcrumbList\",\"@id\":\"https:\/\/www.denigris1889.com\/it\/back-to-school\/#breadcrumb\",\"itemListElement\":[{\"@type\":\"ListItem\",\"position\":1,\"name\":\"Home\",\"item\":\"https:\/\/www.denigris1889.com\/it\/\"},{\"@type\":\"ListItem\",\"position\":2,\"name\":\"Il rientro ha un sapore speciale\"}]},{\"@type\":\"WebSite\",\"@id\":\"https:\/\/www.denigris1889.com\/it\/#website\",\"url\":\"https:\/\/www.denigris1889.com\/it\/\",\"name\":\"De Nigris 1889\",\"description\":\"Acetificio De Nigris 1889\",\"potentialAction\":[{\"@type\":\"SearchAction\",\"target\":{\"@type\":\"EntryPoint\",\"urlTemplate\":\"https:\/\/www.denigris1889.com\/it\/?s={search_term_string}\"},\"query-input\":{\"@type\":\"PropertyValueSpecification\",\"valueRequired\":true,\"valueName\":\"search_term_string\"}}],\"inLanguage\":\"it-IT\"}]}<\/script>\n<!-- \/ Yoast SEO plugin. -->","yoast_head_json":{"title":"\u00c8 arrivato il Back to School: gusto, qualit\u00e0 e sconti esclusivi!","description":"Scopri gli sconti esclusivi del Back to School: ingredienti di qualit\u00e0 e sapori creativi per rendere il rientro pi\u00f9 gustoso e leggero.","robots":{"index":"index","follow":"follow","max-snippet":"max-snippet:-1","max-image-preview":"max-image-preview:large","max-video-preview":"max-video-preview:-1"},"canonical":"https:\/\/www.denigris1889.com\/it\/back-to-school\/","og_locale":"it_IT","og_type":"article","og_title":"\u00c8 arrivato il Back to School: gusto, qualit\u00e0 e sconti esclusivi!","og_description":"Scopri gli sconti esclusivi del Back to School: ingredienti di qualit\u00e0 e sapori creativi per rendere il rientro pi\u00f9 gustoso e leggero.","og_url":"https:\/\/www.denigris1889.com\/it\/back-to-school\/","og_site_name":"De Nigris 1889","og_image":[{"width":2560,"height":1707,"url":"https:\/\/www.denigris1889.com\/wp-content\/uploads\/2025\/04\/De-Nigris-1-scaled.jpg","type":"image\/jpeg"}],"twitter_card":"summary_large_image","twitter_misc":{"Tempo di lettura stimato":"1 minuto"},"schema":{"@context":"https:\/\/schema.org","@graph":[{"@type":"WebPage","@id":"https:\/\/www.denigris1889.com\/it\/back-to-school\/","url":"https:\/\/www.denigris1889.com\/it\/back-to-school\/","name":"\u00c8 arrivato il Back to School: gusto, qualit\u00e0 e sconti esclusivi!","isPartOf":{"@id":"https:\/\/www.denigris1889.com\/it\/#website"},"primaryImageOfPage":{"@id":"https:\/\/www.denigris1889.com\/it\/back-to-school\/#primaryimage"},"image":{"@id":"https:\/\/www.denigris1889.com\/it\/back-to-school\/#primaryimage"},"thumbnailUrl":"https:\/\/www.denigris1889.com\/wp-content\/uploads\/2025\/04\/De-Nigris-1-scaled.jpg","datePublished":"2025-08-08T08:41:40+00:00","description":"Scopri gli sconti esclusivi del Back to School: ingredienti di qualit\u00e0 e sapori creativi per rendere il rientro pi\u00f9 gustoso e leggero.","breadcrumb":{"@id":"https:\/\/www.denigris1889.com\/it\/back-to-school\/#breadcrumb"},"inLanguage":"it-IT","potentialAction":[{"@type":"ReadAction","target":["https:\/\/www.denigris1889.com\/it\/back-to-school\/"]}]},{"@type":"ImageObject","inLanguage":"it-IT","@id":"https:\/\/www.denigris1889.com\/it\/back-to-school\/#primaryimage","url":"https:\/\/www.denigris1889.com\/wp-content\/uploads\/2025\/04\/De-Nigris-1-scaled.jpg","contentUrl":"https:\/\/www.denigris1889.com\/wp-content\/uploads\/2025\/04\/De-Nigris-1-scaled.jpg","width":2560,"height":1707},{"@type":"BreadcrumbList","@id":"https:\/\/www.denigris1889.com\/it\/back-to-school\/#breadcrumb","itemListElement":[{"@type":"ListItem","position":1,"name":"Home","item":"https:\/\/www.denigris1889.com\/it\/"},{"@type":"ListItem","position":2,"name":"Il rientro ha un sapore speciale"}]},{"@type":"WebSite","@id":"https:\/\/www.denigris1889.com\/it\/#website","url":"https:\/\/www.denigris1889.com\/it\/","name":"De Nigris 1889","description":"Acetificio De Nigris 1889","potentialAction":[{"@type":"SearchAction","target":{"@type":"EntryPoint","urlTemplate":"https:\/\/www.denigris1889.com\/it\/?s={search_term_string}"},"query-input":{"@type":"PropertyValueSpecification","valueRequired":true,"valueName":"search_term_string"}}],"inLanguage":"it-IT"}]}},"_links":{"self":[{"href":"https:\/\/www.denigris1889.com\/it\/wp-json\/wp\/v2\/pages\/15031","targetHints":{"allow":["GET"]}}],"collection":[{"href":"https:\/\/www.denigris1889.com\/it\/wp-json\/wp\/v2\/pages"}],"about":[{"href":"https:\/\/www.denigris1889.com\/it\/wp-json\/wp\/v2\/types\/page"}],"author":[{"embeddable":true,"href":"https:\/\/www.denigris1889.com\/it\/wp-json\/wp\/v2\/users\/4"}],"replies":[{"embeddable":true,"href":"https:\/\/www.denigris1889.com\/it\/wp-json\/wp\/v2\/comments?post=15031"}],"version-history":[{"count":3,"href":"https:\/\/www.denigris1889.com\/it\/wp-json\/wp\/v2\/pages\/15031\/revisions"}],"predecessor-version":[{"id":15034,"href":"https:\/\/www.denigris1889.com\/it\/wp-json\/wp\/v2\/pages\/15031\/revisions\/15034"}],"wp:featuredmedia":[{"embeddable":true,"href":"https:\/\/www.denigris1889.com\/it\/wp-json\/wp\/v2\/media\/14354"}],"wp:attachment":[{"href":"https:\/\/www.denigris1889.com\/it\/wp-json\/wp\/v2\/media?parent=15031"}],"curies":[{"name":"wp","href":"https:\/\/api.w.org\/{rel}","templated":true}]}}