{"id":2284,"date":"2021-10-07T08:20:46","date_gmt":"2021-10-07T08:20:46","guid":{"rendered":"https:\/\/denigris1889-com.preview-domain.com\/?page_id=2284"},"modified":"2022-02-02T15:41:53","modified_gmt":"2022-02-02T15:41:53","slug":"equilibrio-di-piacere","status":"publish","type":"page","link":"https:\/\/www.denigris1889.com\/it\/azienda\/equilibrio-di-piacere\/","title":{"rendered":"Un Equilibrio di Piaceri"},"content":{"rendered":"<h2>Una delle massime aspirazioni nella vita \u00e8 quella di trovare un equilibrio.<\/h2>\n","protected":false},"excerpt":{"rendered":"<p>Una delle massime aspirazioni nella vita \u00e8 quella di trovare un equilibrio.<\/p>\n","protected":false},"author":4,"featured_media":4602,"parent":838,"menu_order":0,"comment_status":"closed","ping_status":"closed","template":"","meta":{"_acf_changed":false,"inline_featured_image":false,"footnotes":""},"class_list":["post-2284","page","type-page","status-publish","has-post-thumbnail","hentry"],"acf":[],"yoast_head":"<!-- This site is optimized with the Yoast SEO plugin v27.2 - https:\/\/yoast.com\/product\/yoast-seo-wordpress\/ -->\n<title>Un Equilibrio di Piaceri - De Nigris 1889<\/title>\n<meta name=\"description\" content=\"Perch\u00e9 sa che in quell&#039;istante in cui tutto \u00e8 perfettamente bilanciato, si sprigiona una scintilla che aggiunge pi\u00f9 gusto alla vita.\" \/>\n<meta name=\"robots\" content=\"index, follow, max-snippet:-1, max-image-preview:large, max-video-preview:-1\" \/>\n<link rel=\"canonical\" href=\"https:\/\/www.denigris1889.com\/it\/azienda\/equilibrio-di-piacere\/\" \/>\n<meta property=\"og:locale\" content=\"it_IT\" \/>\n<meta property=\"og:type\" content=\"article\" \/>\n<meta property=\"og:title\" content=\"Un Equilibrio di Piaceri - De Nigris 1889\" \/>\n<meta property=\"og:description\" content=\"Perch\u00e9 sa che in quell&#039;istante in cui tutto \u00e8 perfettamente bilanciato, si sprigiona una scintilla che aggiunge pi\u00f9 gusto alla vita.\" \/>\n<meta property=\"og:url\" content=\"https:\/\/www.denigris1889.com\/it\/azienda\/equilibrio-di-piacere\/\" \/>\n<meta property=\"og:site_name\" content=\"De Nigris 1889\" \/>\n<meta property=\"article:modified_time\" content=\"2022-02-02T15:41:53+00:00\" \/>\n<meta property=\"og:image\" content=\"https:\/\/www.denigris1889.com\/wp-content\/uploads\/2022\/02\/1.-Equilibrio-Fondatore_2000x500_Sito.jpg\" \/>\n\t<meta property=\"og:image:width\" content=\"2000\" \/>\n\t<meta property=\"og:image:height\" content=\"500\" \/>\n\t<meta property=\"og:image:type\" content=\"image\/jpeg\" \/>\n<meta name=\"twitter:card\" content=\"summary_large_image\" \/>\n<meta name=\"twitter:label1\" content=\"Tempo di lettura stimato\" \/>\n\t<meta name=\"twitter:data1\" content=\"1 minuto\" \/>\n<script type=\"application\/ld+json\" class=\"yoast-schema-graph\">{\"@context\":\"https:\/\/schema.org\",\"@graph\":[{\"@type\":\"WebPage\",\"@id\":\"https:\/\/www.denigris1889.com\/it\/azienda\/equilibrio-di-piacere\/\",\"url\":\"https:\/\/www.denigris1889.com\/it\/azienda\/equilibrio-di-piacere\/\",\"name\":\"Un Equilibrio di Piaceri - De Nigris 1889\",\"isPartOf\":{\"@id\":\"https:\/\/www.denigris1889.com\/it\/#website\"},\"primaryImageOfPage\":{\"@id\":\"https:\/\/www.denigris1889.com\/it\/azienda\/equilibrio-di-piacere\/#primaryimage\"},\"image\":{\"@id\":\"https:\/\/www.denigris1889.com\/it\/azienda\/equilibrio-di-piacere\/#primaryimage\"},\"thumbnailUrl\":\"https:\/\/www.denigris1889.com\/wp-content\/uploads\/2022\/02\/1.-Equilibrio-Fondatore_2000x500_Sito.jpg\",\"datePublished\":\"2021-10-07T08:20:46+00:00\",\"dateModified\":\"2022-02-02T15:41:53+00:00\",\"description\":\"Perch\u00e9 sa che in quell'istante in cui tutto \u00e8 perfettamente bilanciato, si sprigiona una scintilla che aggiunge pi\u00f9 gusto alla vita.\",\"breadcrumb\":{\"@id\":\"https:\/\/www.denigris1889.com\/it\/azienda\/equilibrio-di-piacere\/#breadcrumb\"},\"inLanguage\":\"it-IT\",\"potentialAction\":[{\"@type\":\"ReadAction\",\"target\":[\"https:\/\/www.denigris1889.com\/it\/azienda\/equilibrio-di-piacere\/\"]}]},{\"@type\":\"ImageObject\",\"inLanguage\":\"it-IT\",\"@id\":\"https:\/\/www.denigris1889.com\/it\/azienda\/equilibrio-di-piacere\/#primaryimage\",\"url\":\"https:\/\/www.denigris1889.com\/wp-content\/uploads\/2022\/02\/1.-Equilibrio-Fondatore_2000x500_Sito.jpg\",\"contentUrl\":\"https:\/\/www.denigris1889.com\/wp-content\/uploads\/2022\/02\/1.-Equilibrio-Fondatore_2000x500_Sito.jpg\",\"width\":2000,\"height\":500,\"caption\":\"Equilibrio di piaceri\"},{\"@type\":\"BreadcrumbList\",\"@id\":\"https:\/\/www.denigris1889.com\/it\/azienda\/equilibrio-di-piacere\/#breadcrumb\",\"itemListElement\":[{\"@type\":\"ListItem\",\"position\":1,\"name\":\"Home\",\"item\":\"https:\/\/www.denigris1889.com\/it\/\"},{\"@type\":\"ListItem\",\"position\":2,\"name\":\"Azienda\",\"item\":\"https:\/\/www.denigris1889.com\/it\/azienda\/\"},{\"@type\":\"ListItem\",\"position\":3,\"name\":\"Un Equilibrio di Piaceri\"}]},{\"@type\":\"WebSite\",\"@id\":\"https:\/\/www.denigris1889.com\/it\/#website\",\"url\":\"https:\/\/www.denigris1889.com\/it\/\",\"name\":\"De Nigris 1889\",\"description\":\"Acetificio De Nigris 1889\",\"potentialAction\":[{\"@type\":\"SearchAction\",\"target\":{\"@type\":\"EntryPoint\",\"urlTemplate\":\"https:\/\/www.denigris1889.com\/it\/?s={search_term_string}\"},\"query-input\":{\"@type\":\"PropertyValueSpecification\",\"valueRequired\":true,\"valueName\":\"search_term_string\"}}],\"inLanguage\":\"it-IT\"}]}<\/script>\n<!-- \/ Yoast SEO plugin. -->","yoast_head_json":{"title":"Un Equilibrio di Piaceri - De Nigris 1889","description":"Perch\u00e9 sa che in quell'istante in cui tutto \u00e8 perfettamente bilanciato, si sprigiona una scintilla che aggiunge pi\u00f9 gusto alla vita.","robots":{"index":"index","follow":"follow","max-snippet":"max-snippet:-1","max-image-preview":"max-image-preview:large","max-video-preview":"max-video-preview:-1"},"canonical":"https:\/\/www.denigris1889.com\/it\/azienda\/equilibrio-di-piacere\/","og_locale":"it_IT","og_type":"article","og_title":"Un Equilibrio di Piaceri - De Nigris 1889","og_description":"Perch\u00e9 sa che in quell'istante in cui tutto \u00e8 perfettamente bilanciato, si sprigiona una scintilla che aggiunge pi\u00f9 gusto alla vita.","og_url":"https:\/\/www.denigris1889.com\/it\/azienda\/equilibrio-di-piacere\/","og_site_name":"De Nigris 1889","article_modified_time":"2022-02-02T15:41:53+00:00","og_image":[{"width":2000,"height":500,"url":"https:\/\/www.denigris1889.com\/wp-content\/uploads\/2022\/02\/1.-Equilibrio-Fondatore_2000x500_Sito.jpg","type":"image\/jpeg"}],"twitter_card":"summary_large_image","twitter_misc":{"Tempo di lettura stimato":"1 minuto"},"schema":{"@context":"https:\/\/schema.org","@graph":[{"@type":"WebPage","@id":"https:\/\/www.denigris1889.com\/it\/azienda\/equilibrio-di-piacere\/","url":"https:\/\/www.denigris1889.com\/it\/azienda\/equilibrio-di-piacere\/","name":"Un Equilibrio di Piaceri - De Nigris 1889","isPartOf":{"@id":"https:\/\/www.denigris1889.com\/it\/#website"},"primaryImageOfPage":{"@id":"https:\/\/www.denigris1889.com\/it\/azienda\/equilibrio-di-piacere\/#primaryimage"},"image":{"@id":"https:\/\/www.denigris1889.com\/it\/azienda\/equilibrio-di-piacere\/#primaryimage"},"thumbnailUrl":"https:\/\/www.denigris1889.com\/wp-content\/uploads\/2022\/02\/1.-Equilibrio-Fondatore_2000x500_Sito.jpg","datePublished":"2021-10-07T08:20:46+00:00","dateModified":"2022-02-02T15:41:53+00:00","description":"Perch\u00e9 sa che in quell'istante in cui tutto \u00e8 perfettamente bilanciato, si sprigiona una scintilla che aggiunge pi\u00f9 gusto alla vita.","breadcrumb":{"@id":"https:\/\/www.denigris1889.com\/it\/azienda\/equilibrio-di-piacere\/#breadcrumb"},"inLanguage":"it-IT","potentialAction":[{"@type":"ReadAction","target":["https:\/\/www.denigris1889.com\/it\/azienda\/equilibrio-di-piacere\/"]}]},{"@type":"ImageObject","inLanguage":"it-IT","@id":"https:\/\/www.denigris1889.com\/it\/azienda\/equilibrio-di-piacere\/#primaryimage","url":"https:\/\/www.denigris1889.com\/wp-content\/uploads\/2022\/02\/1.-Equilibrio-Fondatore_2000x500_Sito.jpg","contentUrl":"https:\/\/www.denigris1889.com\/wp-content\/uploads\/2022\/02\/1.-Equilibrio-Fondatore_2000x500_Sito.jpg","width":2000,"height":500,"caption":"Equilibrio di piaceri"},{"@type":"BreadcrumbList","@id":"https:\/\/www.denigris1889.com\/it\/azienda\/equilibrio-di-piacere\/#breadcrumb","itemListElement":[{"@type":"ListItem","position":1,"name":"Home","item":"https:\/\/www.denigris1889.com\/it\/"},{"@type":"ListItem","position":2,"name":"Azienda","item":"https:\/\/www.denigris1889.com\/it\/azienda\/"},{"@type":"ListItem","position":3,"name":"Un Equilibrio di Piaceri"}]},{"@type":"WebSite","@id":"https:\/\/www.denigris1889.com\/it\/#website","url":"https:\/\/www.denigris1889.com\/it\/","name":"De Nigris 1889","description":"Acetificio De Nigris 1889","potentialAction":[{"@type":"SearchAction","target":{"@type":"EntryPoint","urlTemplate":"https:\/\/www.denigris1889.com\/it\/?s={search_term_string}"},"query-input":{"@type":"PropertyValueSpecification","valueRequired":true,"valueName":"search_term_string"}}],"inLanguage":"it-IT"}]}},"_links":{"self":[{"href":"https:\/\/www.denigris1889.com\/it\/wp-json\/wp\/v2\/pages\/2284","targetHints":{"allow":["GET"]}}],"collection":[{"href":"https:\/\/www.denigris1889.com\/it\/wp-json\/wp\/v2\/pages"}],"about":[{"href":"https:\/\/www.denigris1889.com\/it\/wp-json\/wp\/v2\/types\/page"}],"author":[{"embeddable":true,"href":"https:\/\/www.denigris1889.com\/it\/wp-json\/wp\/v2\/users\/4"}],"replies":[{"embeddable":true,"href":"https:\/\/www.denigris1889.com\/it\/wp-json\/wp\/v2\/comments?post=2284"}],"version-history":[{"count":10,"href":"https:\/\/www.denigris1889.com\/it\/wp-json\/wp\/v2\/pages\/2284\/revisions"}],"predecessor-version":[{"id":4607,"href":"https:\/\/www.denigris1889.com\/it\/wp-json\/wp\/v2\/pages\/2284\/revisions\/4607"}],"up":[{"embeddable":true,"href":"https:\/\/www.denigris1889.com\/it\/wp-json\/wp\/v2\/pages\/838"}],"wp:featuredmedia":[{"embeddable":true,"href":"https:\/\/www.denigris1889.com\/it\/wp-json\/wp\/v2\/media\/4602"}],"wp:attachment":[{"href":"https:\/\/www.denigris1889.com\/it\/wp-json\/wp\/v2\/media?parent=2284"}],"curies":[{"name":"wp","href":"https:\/\/api.w.org\/{rel}","templated":true}]}}