{"id":3945,"date":"2021-11-25T09:20:34","date_gmt":"2021-11-25T09:20:34","guid":{"rendered":"https:\/\/denigris1889-com.preview-domain.com\/?page_id=3945"},"modified":"2025-04-22T09:37:19","modified_gmt":"2025-04-22T09:37:19","slug":"condizioni-di-vendita","status":"publish","type":"page","link":"https:\/\/www.denigris1889.com\/it\/condizioni-di-vendita\/","title":{"rendered":"Condizioni di vendita"},"content":{"rendered":"<p><strong>REGISTRAZIONE<\/strong><br \/>\nSu<strong> www.denigris1889.com<\/strong> \u00e8 possibile registrarsi in pochi e semplici click, per velocizzare la fase di acquisto. Al momento della registrazione viene richiesto nome, cognome, un indirizzo mail ed una password, che potete cambiare in ogni momento. All&#8217;interno del vostro account potete inserire i vostri dati personali, l&#8217;indirizzo di spedizione e controllare il riepilogo dei vostri ordini. Una volta registrati, ad ogni acquisto non avrete bisogno di fornire l&#8217;indirizzo di spedizione e gli altri dati necessari, in quanto gi\u00e0 registrati sul portale, \u00e8 comunque possibile, anche da registrati, inserire un indirizzo di spedizione diverso o modificare quello gi\u00e0 presente. Al momento della registrazione, \u00e8 possibile iscriversi alla nostra newsletter, tramite cui ricevere novit\u00e0 sulle nostre offerte, promozioni e sui nuovi prodotti.<\/p>\n<p>&nbsp;<\/p>\n<p><strong>CARRELLO<\/strong><br \/>\nAcquistare su <strong>www.denigris1889.com<\/strong> \u00e8 semplicissimo: \u00e8 sufficiente navigare tra le categorie di prodotti esistenti e selezionare quello che volete acquistare. All&#8217;interno della scheda prodotto trovate descrizioni ed immagini del prodotto. I prodotti possono essere aggiunti e rimossi dal carrello in qualsiasi momento prima della chiusura dell&#8217;ordine.<\/p>\n<p>&nbsp;<\/p>\n<p><strong>ACQUISTARE<\/strong><br \/>\nPer proseguire con l&#8217;acquisto selezionate nella pagina carrello la voce &#8220;Procedi con l\u2019acquisto&#8221; e compilate i campi con i dati richiesti. Potete acquistare registrandovi al sito. Nel caso di un utente registrato, se nell&#8217;account personale ha gi\u00e0 inseriti i propri dati, questi compariranno in automatico. Al momento dell&#8217;acquisto vi sar\u00e0 chiesto di scegliere la modalit\u00e0 di pagamento e vi saranno indicati i costi di spedizione. Cliccando su &#8220;Procedi con il pagamento&#8221; si procede con l&#8217;acquisto. Ricordate che le foto nella scheda prodotto sono esemplificative e fa fede la descrizione riportata. In caso di pagamento con carta di credito verrete reindirizzati automaticamente su una piattaforma di pagamento sicuro sulla quale inserire i vostri dati.<\/p>\n<p>&nbsp;<\/p>\n<p><strong>METODO DI PAGAMENTO<\/strong><br \/>\nPer <strong>www.denigris1889.com<\/strong> la sicurezza sul sito \u00e8 un valore prioritario, tra i metodi accettati ci sono:<\/p>\n<ul>\n<li><strong>PAYPAL &#8211; CARTA DI CREDITO \u2013 MyBank:<\/strong> Al momento del pagamento, se avete selezionato PayPal, sarete reindirizzati sul sito di PayPal, dove potrete effettuare comodamente il pagamento. PayPal riporter\u00e0 i dettagli del pagamento e l&#8217;indirizzo di spedizione, come specificato al momento del perfezionamento dell&#8217;ordine:<br \/>\n<strong>\u00c8 possibile effettuare il pagamento con carte di credito o debito Visa, MasterCard, PostePay, il tutto in modalit\u00e0 sicura tramite il servizio di Acquiring di Axepta SpA.<\/strong><\/li>\n<\/ul>\n<p>&nbsp;<\/p>\n<ul>\n<li><strong>AXEPTA &#8211; CARTA DI CREDITO O DEBITO:<\/strong> Al momento del pagamento \u00e8 possibile selezionare qualsiasi carta: <strong>Visa, MasterCard, Carta prepagata, PostePay, AmericanExpress<\/strong>. Al momento del pagamento verrete reindirizzati alla pagina dedicata al pagamento selezionato.<\/li>\n<\/ul>\n<p>&nbsp;<\/p>\n<ul>\n<li>Axepta Spa societ\u00e0 di acquiring del gruppo BNPParibas. La carta viene gestita in maniera protetta perch\u00e9 non entriamo in possesso di alcuna informazione sensibile. Inoltre, puoi registrare i dati della carta sui server sicuri della banca in modo da non doverli inserire a ogni nuovo ordine.<\/li>\n<\/ul>\n<p>&nbsp;<\/p>\n<p>Si precisa che l\u2019eventuale rimborso dovuto a un reso dell\u2019ordine, verr\u00e0 effettuato sulla stessa modalit\u00e0 di pagamento con cui \u00e8 stato effettuato l\u2019ordine.<\/p>\n<p><strong>UTILIZZO COUPON<\/strong><br \/>\nLe nostre promozioni con coupon non sono cumulabili con altri sconti o promo.<\/p>\n<p><strong>PUBBLICHE AMMINISTRAZIONI<\/strong><br \/>\nDato l\u2019obbligo di fatturazione elettronica e meccanismo dello split payment, questa azienda non fattura nei confronti di pubbliche amministrazioni.<\/p>\n<p>&nbsp;<\/p>\n<p><strong>TERMINI DI CONSEGNA<\/strong><\/p>\n<p>Spediamo in Italia tramite corriere espresso con consegna in 1-3 giorni lavorativi in base alla zona di destinazione.<\/p>\n<p>Il costo della spedizione \u00e8 di \u20ac8 per ordini inferiori a 30 \u20ac, al di sopra di questa cifra la spedizione \u00e8 gratuita.<\/p>\n<p>&nbsp;<\/p>\n<p>&nbsp;<\/p>\n<p><strong>CONDIZIONI DI RESO E RECESSO<\/strong><\/p>\n<p><strong>RESO<\/strong><br \/>\n<strong>Su <\/strong><strong>www.denigris1889.com <\/strong>\u00e8 possibile effettuare il reso della merce in modo semplice e veloce, avvalendosi del diritto di recesso come previsto dal Decreto Legislativo 6 settembre 2005, n. 206.<br \/>\nNota bene: Non possono esercitare il diritto di recesso i clienti che acquistano con Partita IVA.<\/p>\n<p>Il cliente pu\u00f2 avvalersi del diritto di recesso entro 14 giorni lavorativi dalla ricezione della merce mediante lettera raccomandata con avviso di ricevimento. La comunicazione pu\u00f2 essere inviata, entro lo stesso termine, anche mediante telegramma, telex, posta elettronica e fax, a condizione che sia confermata mediante lettera raccomandata con avviso di ricevimento entro le quarantotto ore successive. Affinch\u00e9 il reso venga accettato la merce deve essere integra ed imballata in modo corretto, cos\u00ec da non subire danni durante il trasporto. Il rimborso, equivalente all&#8217;importo del prodotto, viene ricevuto dal cliente entro 14 giorni dal momento della recessione del contratto di acquisto. <strong>Il rimborso viene effettuato tramite riaccredito sullo stesso mezzo utilizzato per il pagamento dell\u2019ordine<\/strong>. Le spese di spedizione per la restituzione dei prodotti sono a carico del cliente. <strong>Il Gruppo De Nigris <\/strong>si avvale della facolt\u00e0 di non accettare merce danneggiata o rotta.<\/p>\n<p>&nbsp;<\/p>\n<p><strong>RECESSO<\/strong><strong><br \/>\n<\/strong>Il diritto di recesso \u00e8 regolato ai sensi di legge se il cliente-consumatore (ossia una persona fisica che acquista la merce per scopi non riferibili alla propria attivit\u00e0 professionale, ovvero non effettua l&#8217;acquisto indicando nel modulo d&#8217;ordine un riferimento di partita iva) ha diritto di recedere dal contratto di acquisto per qualsiasi motivo.<\/p>\n<p>Per esercitare tale diritto il cliente dovr\u00e0 inviare a\u00a0<strong>www.denigris1889.com <\/strong>una comunicazione entro 14 giorni lavorativi a far data dalla data di consegna della merce.<\/p>\n<p>Tale comunicazione potr\u00e0 essere inviata con <strong>RACCOMANDATA<\/strong> con ricevuta di ritorno indirizzata a:<\/p>\n<p><strong>BALSAMICO VILLAGE SRL \u2013 Via Vittorio Carrobbio, 2, 41012 Carpi MO<\/strong><\/p>\n<p>Nota bene: Non possono esercitare il diritto di recesso i clienti che acquistano con Partita IVA.<br \/>\nSar\u00e0 accettato il reso di qualsiasi articolo, purch\u00e9 integro e nell&#8217;imballaggio originale, rimborsando l&#8217;intero ammontare escluse le spese di spedizione che rimangono a carico del cliente (come previsto dalla legge in materia).<\/p>\n<p>Ai sensi dell\u2019<strong>art. 52 del decreto legislativo 6 settembre 2005 n. 206<\/strong>\u00a0(\u201cCodice del Consumo\u201d), il cliente ha il diritto di recedere dal contratto di acquisto per qualsiasi motivo, senza necessit\u00e0 di fornire spiegazioni.<br \/>\nDopo aver manifestato l&#8217;intenzione di avvalersi del diritto di recesso, il prodotto va inviato a: (indirizzo di spedizione)\u00a0Dopo che sar\u00e0 stata verificata l&#8217;integrit\u00e0 del prodotto, sar\u00e0 effettuato il rimborso, tramite riaccredito sullo stesso mezzo utilizzato per il pagamento, entro 14 gg dall&#8217;accettazione del reso. Le spese di spedizione rimangono in ogni caso a carico del cliente.<\/p>\n","protected":false},"excerpt":{"rendered":"<p>REGISTRAZIONE Su www.denigris1889.com \u00e8 possibile registrarsi in pochi e semplici click, per velocizzare la fase di acquisto. Al momento della registrazione viene richiesto nome, cognome, un indirizzo mail ed una password, che potete cambiare in ogni momento. All&#8217;interno del vostro account potete inserire i vostri dati personali, l&#8217;indirizzo di spedizione e controllare il riepilogo dei [&hellip;]<\/p>\n","protected":false},"author":7,"featured_media":0,"parent":0,"menu_order":0,"comment_status":"closed","ping_status":"closed","template":"","meta":{"_acf_changed":false,"inline_featured_image":false,"footnotes":""},"class_list":["post-3945","page","type-page","status-publish","hentry"],"acf":[],"yoast_head":"<!-- This site is optimized with the Yoast SEO plugin v27.2 - https:\/\/yoast.com\/product\/yoast-seo-wordpress\/ -->\n<title>Condizioni di vendita - De Nigris 1889<\/title>\n<meta name=\"description\" content=\"Da oltre tre generazioni De Nigris si dedica con passione alla produzione di aceto, alla continua ricerca del miglior prodotto possibile.\" \/>\n<meta name=\"robots\" content=\"index, follow, max-snippet:-1, max-image-preview:large, max-video-preview:-1\" \/>\n<link rel=\"canonical\" href=\"https:\/\/www.denigris1889.com\/it\/condizioni-di-vendita\/\" \/>\n<meta property=\"og:locale\" content=\"it_IT\" \/>\n<meta property=\"og:type\" content=\"article\" \/>\n<meta property=\"og:title\" content=\"Condizioni di vendita - De Nigris 1889\" \/>\n<meta property=\"og:description\" content=\"Da oltre tre generazioni De Nigris si dedica con passione alla produzione di aceto, alla continua ricerca del miglior prodotto possibile.\" \/>\n<meta property=\"og:url\" content=\"https:\/\/www.denigris1889.com\/it\/condizioni-di-vendita\/\" \/>\n<meta property=\"og:site_name\" content=\"De Nigris 1889\" \/>\n<meta property=\"article:modified_time\" content=\"2025-04-22T09:37:19+00:00\" \/>\n<meta name=\"twitter:card\" content=\"summary_large_image\" \/>\n<meta name=\"twitter:label1\" content=\"Tempo di lettura stimato\" \/>\n\t<meta name=\"twitter:data1\" content=\"5 minuti\" \/>\n<script type=\"application\/ld+json\" class=\"yoast-schema-graph\">{\"@context\":\"https:\/\/schema.org\",\"@graph\":[{\"@type\":\"WebPage\",\"@id\":\"https:\/\/www.denigris1889.com\/it\/condizioni-di-vendita\/\",\"url\":\"https:\/\/www.denigris1889.com\/it\/condizioni-di-vendita\/\",\"name\":\"Condizioni di vendita - De Nigris 1889\",\"isPartOf\":{\"@id\":\"https:\/\/www.denigris1889.com\/it\/#website\"},\"datePublished\":\"2021-11-25T09:20:34+00:00\",\"dateModified\":\"2025-04-22T09:37:19+00:00\",\"description\":\"Da oltre tre generazioni De Nigris si dedica con passione alla produzione di aceto, alla continua ricerca del miglior prodotto possibile.\",\"breadcrumb\":{\"@id\":\"https:\/\/www.denigris1889.com\/it\/condizioni-di-vendita\/#breadcrumb\"},\"inLanguage\":\"it-IT\",\"potentialAction\":[{\"@type\":\"ReadAction\",\"target\":[\"https:\/\/www.denigris1889.com\/it\/condizioni-di-vendita\/\"]}]},{\"@type\":\"BreadcrumbList\",\"@id\":\"https:\/\/www.denigris1889.com\/it\/condizioni-di-vendita\/#breadcrumb\",\"itemListElement\":[{\"@type\":\"ListItem\",\"position\":1,\"name\":\"Home\",\"item\":\"https:\/\/www.denigris1889.com\/it\/\"},{\"@type\":\"ListItem\",\"position\":2,\"name\":\"Condizioni di vendita\"}]},{\"@type\":\"WebSite\",\"@id\":\"https:\/\/www.denigris1889.com\/it\/#website\",\"url\":\"https:\/\/www.denigris1889.com\/it\/\",\"name\":\"De Nigris 1889\",\"description\":\"Acetificio De Nigris 1889\",\"potentialAction\":[{\"@type\":\"SearchAction\",\"target\":{\"@type\":\"EntryPoint\",\"urlTemplate\":\"https:\/\/www.denigris1889.com\/it\/?s={search_term_string}\"},\"query-input\":{\"@type\":\"PropertyValueSpecification\",\"valueRequired\":true,\"valueName\":\"search_term_string\"}}],\"inLanguage\":\"it-IT\"}]}<\/script>\n<!-- \/ Yoast SEO plugin. -->","yoast_head_json":{"title":"Condizioni di vendita - De Nigris 1889","description":"Da oltre tre generazioni De Nigris si dedica con passione alla produzione di aceto, alla continua ricerca del miglior prodotto possibile.","robots":{"index":"index","follow":"follow","max-snippet":"max-snippet:-1","max-image-preview":"max-image-preview:large","max-video-preview":"max-video-preview:-1"},"canonical":"https:\/\/www.denigris1889.com\/it\/condizioni-di-vendita\/","og_locale":"it_IT","og_type":"article","og_title":"Condizioni di vendita - De Nigris 1889","og_description":"Da oltre tre generazioni De Nigris si dedica con passione alla produzione di aceto, alla continua ricerca del miglior prodotto possibile.","og_url":"https:\/\/www.denigris1889.com\/it\/condizioni-di-vendita\/","og_site_name":"De Nigris 1889","article_modified_time":"2025-04-22T09:37:19+00:00","twitter_card":"summary_large_image","twitter_misc":{"Tempo di lettura stimato":"5 minuti"},"schema":{"@context":"https:\/\/schema.org","@graph":[{"@type":"WebPage","@id":"https:\/\/www.denigris1889.com\/it\/condizioni-di-vendita\/","url":"https:\/\/www.denigris1889.com\/it\/condizioni-di-vendita\/","name":"Condizioni di vendita - De Nigris 1889","isPartOf":{"@id":"https:\/\/www.denigris1889.com\/it\/#website"},"datePublished":"2021-11-25T09:20:34+00:00","dateModified":"2025-04-22T09:37:19+00:00","description":"Da oltre tre generazioni De Nigris si dedica con passione alla produzione di aceto, alla continua ricerca del miglior prodotto possibile.","breadcrumb":{"@id":"https:\/\/www.denigris1889.com\/it\/condizioni-di-vendita\/#breadcrumb"},"inLanguage":"it-IT","potentialAction":[{"@type":"ReadAction","target":["https:\/\/www.denigris1889.com\/it\/condizioni-di-vendita\/"]}]},{"@type":"BreadcrumbList","@id":"https:\/\/www.denigris1889.com\/it\/condizioni-di-vendita\/#breadcrumb","itemListElement":[{"@type":"ListItem","position":1,"name":"Home","item":"https:\/\/www.denigris1889.com\/it\/"},{"@type":"ListItem","position":2,"name":"Condizioni di vendita"}]},{"@type":"WebSite","@id":"https:\/\/www.denigris1889.com\/it\/#website","url":"https:\/\/www.denigris1889.com\/it\/","name":"De Nigris 1889","description":"Acetificio De Nigris 1889","potentialAction":[{"@type":"SearchAction","target":{"@type":"EntryPoint","urlTemplate":"https:\/\/www.denigris1889.com\/it\/?s={search_term_string}"},"query-input":{"@type":"PropertyValueSpecification","valueRequired":true,"valueName":"search_term_string"}}],"inLanguage":"it-IT"}]}},"_links":{"self":[{"href":"https:\/\/www.denigris1889.com\/it\/wp-json\/wp\/v2\/pages\/3945","targetHints":{"allow":["GET"]}}],"collection":[{"href":"https:\/\/www.denigris1889.com\/it\/wp-json\/wp\/v2\/pages"}],"about":[{"href":"https:\/\/www.denigris1889.com\/it\/wp-json\/wp\/v2\/types\/page"}],"author":[{"embeddable":true,"href":"https:\/\/www.denigris1889.com\/it\/wp-json\/wp\/v2\/users\/7"}],"replies":[{"embeddable":true,"href":"https:\/\/www.denigris1889.com\/it\/wp-json\/wp\/v2\/comments?post=3945"}],"version-history":[{"count":9,"href":"https:\/\/www.denigris1889.com\/it\/wp-json\/wp\/v2\/pages\/3945\/revisions"}],"predecessor-version":[{"id":14441,"href":"https:\/\/www.denigris1889.com\/it\/wp-json\/wp\/v2\/pages\/3945\/revisions\/14441"}],"wp:attachment":[{"href":"https:\/\/www.denigris1889.com\/it\/wp-json\/wp\/v2\/media?parent=3945"}],"curies":[{"name":"wp","href":"https:\/\/api.w.org\/{rel}","templated":true}]}}