{"id":4290,"date":"2021-12-17T08:31:29","date_gmt":"2021-12-17T08:31:29","guid":{"rendered":"https:\/\/denigris1889-com.preview-domain.com\/?page_id=4290"},"modified":"2021-12-22T15:05:18","modified_gmt":"2021-12-22T15:05:18","slug":"consegna-in-giornata-milano","status":"publish","type":"page","link":"https:\/\/www.denigris1889.com\/it\/consegna-in-giornata-milano\/","title":{"rendered":"Regalo di Natale Last Minute? Te lo consegniamo in giornata su Milano!"},"content":{"rendered":"<h2 style=\"text-align: center\">Regalo di Natale Last Minute?<\/h2>\n<h2 style=\"text-align: center\">Te lo consegniamo in giornata su Milano!<\/h2>\n<p><img decoding=\"async\" class=\"wp-image-4318 aligncenter\" src=\"https:\/\/www.denigris1889.com\/wp-content\/uploads\/2021\/12\/regalo-natale-bici.png\" alt=\"\" width=\"543\" height=\"375\" srcset=\"https:\/\/www.denigris1889.com\/wp-content\/uploads\/2021\/12\/regalo-natale-bici.png 433w, https:\/\/www.denigris1889.com\/wp-content\/uploads\/2021\/12\/regalo-natale-bici-300x207.png 300w, https:\/\/www.denigris1889.com\/wp-content\/uploads\/2021\/12\/regalo-natale-bici-420x290.png 420w, https:\/\/www.denigris1889.com\/wp-content\/uploads\/2021\/12\/regalo-natale-bici-150x104.png 150w\" sizes=\"(max-width: 543px) 100vw, 543px\" \/><\/p>\n<h3 style=\"text-align: center\"><span class=\"TextRun BCX0 SCXW227270442\" lang=\"IT-IT\" xml:lang=\"IT-IT\" data-contrast=\"auto\"><span class=\"NormalTextRun BCX0 SCXW227270442\">Il vero dilemma, quando si avvicina il Natale, \u00e8 trovare un regalo esclusivo<\/span><span class=\"NormalTextRun BCX0 SCXW227270442\">\u00a0ed<\/span><span class=\"NormalTextRun BCX0 SCXW227270442\">\u00a0utile. <\/span><\/span><\/h3>\n<h3 style=\"text-align: center\"><span class=\"TextRun BCX0 SCXW227270442\" lang=\"IT-IT\" xml:lang=\"IT-IT\" data-contrast=\"auto\"><span class=\"NormalTextRun BCX0 SCXW227270442\">Per\u00f2 pi\u00f9 passano i giorni e pi\u00f9 il dilemma si trasforma in un vero e<\/span><\/span><span class=\"TextRun BCX0 SCXW227270442\" lang=\"IT-IT\" xml:lang=\"IT-IT\" data-contrast=\"auto\"><span class=\"NormalTextRun BCX0 SCXW227270442\">\u00a0proprio incubo. <\/span><\/span><\/h3>\n<h3 style=\"text-align: center\"><span class=\"TextRun BCX0 SCXW227270442\" lang=\"IT-IT\" xml:lang=\"IT-IT\" data-contrast=\"auto\"><span class=\"NormalTextRun BCX0 SCXW227270442\">Come si pu\u00f2 riuscire a risolvere questa situazione? <\/span><\/span><\/h3>\n<h3 style=\"text-align: center\"><span class=\"TextRun BCX0 SCXW227270442\" lang=\"IT-IT\" xml:lang=\"IT-IT\" data-contrast=\"auto\"><span class=\"NormalTextRun BCX0 SCXW227270442\">Ormai il tempo stringe e non si trova un regalo originale?<\/span><\/span><\/h3>\n<h3 style=\"text-align: center\">Questo Natale scegli un\u2019esperienza unica tra le nostre Collezioni Regalo<span class=\"NormalTextRun BCX0 SCXW227270442\">.<\/span><\/h3>\n<p>&nbsp;<\/p>\n<p><img decoding=\"async\" class=\"wp-image-4326 size-full aligncenter\" src=\"https:\/\/www.denigris1889.com\/wp-content\/uploads\/2021\/12\/BOTTLES-01.png\" alt=\"\" width=\"516\" height=\"119\" srcset=\"https:\/\/www.denigris1889.com\/wp-content\/uploads\/2021\/12\/BOTTLES-01.png 516w, https:\/\/www.denigris1889.com\/wp-content\/uploads\/2021\/12\/BOTTLES-01-300x69.png 300w, https:\/\/www.denigris1889.com\/wp-content\/uploads\/2021\/12\/BOTTLES-01-420x97.png 420w, https:\/\/www.denigris1889.com\/wp-content\/uploads\/2021\/12\/BOTTLES-01-150x35.png 150w\" sizes=\"(max-width: 516px) 100vw, 516px\" \/><\/p>\n<p>&nbsp;<\/p>\n<p style=\"text-align: center\">Grazie a <strong>Blink<\/strong> ti assicuriamo la nostra consegna sostenibile in giornata su Milano.<\/p>\n<p style=\"text-align: center\"><strong>R<\/strong><b>egala il vero sapore di Modena<\/b>\u2026comodamente da casa!<\/p>\n<p style=\"text-align: center\">Clicca in basso e scopri se la tua zona \u00e8 servita e i prodotti disponibili!<\/p>\n<p><a href=\"https:\/\/denigris.blinklastmile.com\/\"><img decoding=\"async\" class=\"aligncenter wp-image-4321\" src=\"https:\/\/www.denigris1889.com\/wp-content\/uploads\/2021\/12\/clicca-qui.png\" alt=\"\" width=\"224\" height=\"32\" srcset=\"https:\/\/www.denigris1889.com\/wp-content\/uploads\/2021\/12\/clicca-qui.png 266w, https:\/\/www.denigris1889.com\/wp-content\/uploads\/2021\/12\/clicca-qui-150x21.png 150w\" sizes=\"(max-width: 224px) 100vw, 224px\" \/><\/a><\/p>\n<div class=\"mceTemp\"><\/div>\n","protected":false},"excerpt":{"rendered":"<p>Regalo di Natale Last Minute? Te lo consegniamo in giornata su Milano! Il vero dilemma, quando si avvicina il Natale, \u00e8 trovare un regalo esclusivo\u00a0ed\u00a0utile. Per\u00f2 pi\u00f9 passano i giorni e pi\u00f9 il dilemma si trasforma in un vero e\u00a0proprio incubo. Come si pu\u00f2 riuscire a risolvere questa situazione? Ormai il tempo stringe e non [&hellip;]<\/p>\n","protected":false},"author":4,"featured_media":3851,"parent":0,"menu_order":0,"comment_status":"closed","ping_status":"closed","template":"","meta":{"_acf_changed":false,"inline_featured_image":false,"footnotes":""},"class_list":["post-4290","page","type-page","status-publish","has-post-thumbnail","hentry"],"acf":[],"yoast_head":"<!-- This site is optimized with the Yoast SEO plugin v27.2 - https:\/\/yoast.com\/product\/yoast-seo-wordpress\/ -->\n<title>Consegniamo i tuoi regali in giornata su Milano! | De Nigris 1889<\/title>\n<meta name=\"description\" content=\"Grazie a Blink ti assicuriamo la nostra consegna sostenibile in giornata su Milano.Regala il vero sapore di Modena\u2026comodamente da casa!\" \/>\n<meta name=\"robots\" content=\"index, follow, max-snippet:-1, max-image-preview:large, max-video-preview:-1\" \/>\n<link rel=\"canonical\" href=\"https:\/\/www.denigris1889.com\/it\/consegna-in-giornata-milano\/\" \/>\n<meta property=\"og:locale\" content=\"it_IT\" \/>\n<meta property=\"og:type\" content=\"article\" \/>\n<meta property=\"og:title\" content=\"Consegniamo i tuoi regali in giornata su Milano! | De Nigris 1889\" \/>\n<meta property=\"og:description\" content=\"Grazie a Blink ti assicuriamo la nostra consegna sostenibile in giornata su Milano.Regala il vero sapore di Modena\u2026comodamente da casa!\" \/>\n<meta property=\"og:url\" content=\"https:\/\/www.denigris1889.com\/it\/consegna-in-giornata-milano\/\" \/>\n<meta property=\"og:site_name\" content=\"De Nigris 1889\" \/>\n<meta property=\"article:modified_time\" content=\"2021-12-22T15:05:18+00:00\" \/>\n<meta property=\"og:image\" content=\"https:\/\/www.denigris1889.com\/wp-content\/uploads\/2021\/11\/copertina-2.jpg\" \/>\n\t<meta property=\"og:image:width\" content=\"2500\" \/>\n\t<meta property=\"og:image:height\" content=\"1080\" \/>\n\t<meta property=\"og:image:type\" content=\"image\/jpeg\" \/>\n<meta name=\"twitter:card\" content=\"summary_large_image\" \/>\n<meta name=\"twitter:label1\" content=\"Tempo di lettura stimato\" \/>\n\t<meta name=\"twitter:data1\" content=\"2 minuti\" \/>\n<script type=\"application\/ld+json\" class=\"yoast-schema-graph\">{\"@context\":\"https:\/\/schema.org\",\"@graph\":[{\"@type\":\"WebPage\",\"@id\":\"https:\/\/www.denigris1889.com\/it\/consegna-in-giornata-milano\/\",\"url\":\"https:\/\/www.denigris1889.com\/it\/consegna-in-giornata-milano\/\",\"name\":\"Consegniamo i tuoi regali in giornata su Milano! | De Nigris 1889\",\"isPartOf\":{\"@id\":\"https:\/\/www.denigris1889.com\/it\/#website\"},\"primaryImageOfPage\":{\"@id\":\"https:\/\/www.denigris1889.com\/it\/consegna-in-giornata-milano\/#primaryimage\"},\"image\":{\"@id\":\"https:\/\/www.denigris1889.com\/it\/consegna-in-giornata-milano\/#primaryimage\"},\"thumbnailUrl\":\"https:\/\/www.denigris1889.com\/wp-content\/uploads\/2021\/11\/copertina-2.jpg\",\"datePublished\":\"2021-12-17T08:31:29+00:00\",\"dateModified\":\"2021-12-22T15:05:18+00:00\",\"description\":\"Grazie a Blink ti assicuriamo la nostra consegna sostenibile in giornata su Milano.Regala il vero sapore di Modena\u2026comodamente da casa!\",\"breadcrumb\":{\"@id\":\"https:\/\/www.denigris1889.com\/it\/consegna-in-giornata-milano\/#breadcrumb\"},\"inLanguage\":\"it-IT\",\"potentialAction\":[{\"@type\":\"ReadAction\",\"target\":[\"https:\/\/www.denigris1889.com\/it\/consegna-in-giornata-milano\/\"]}]},{\"@type\":\"ImageObject\",\"inLanguage\":\"it-IT\",\"@id\":\"https:\/\/www.denigris1889.com\/it\/consegna-in-giornata-milano\/#primaryimage\",\"url\":\"https:\/\/www.denigris1889.com\/wp-content\/uploads\/2021\/11\/copertina-2.jpg\",\"contentUrl\":\"https:\/\/www.denigris1889.com\/wp-content\/uploads\/2021\/11\/copertina-2.jpg\",\"width\":2500,\"height\":1080},{\"@type\":\"BreadcrumbList\",\"@id\":\"https:\/\/www.denigris1889.com\/it\/consegna-in-giornata-milano\/#breadcrumb\",\"itemListElement\":[{\"@type\":\"ListItem\",\"position\":1,\"name\":\"Home\",\"item\":\"https:\/\/www.denigris1889.com\/it\/\"},{\"@type\":\"ListItem\",\"position\":2,\"name\":\"Regalo di Natale Last Minute? Te lo consegniamo in giornata su Milano!\"}]},{\"@type\":\"WebSite\",\"@id\":\"https:\/\/www.denigris1889.com\/it\/#website\",\"url\":\"https:\/\/www.denigris1889.com\/it\/\",\"name\":\"De Nigris 1889\",\"description\":\"Acetificio De Nigris 1889\",\"potentialAction\":[{\"@type\":\"SearchAction\",\"target\":{\"@type\":\"EntryPoint\",\"urlTemplate\":\"https:\/\/www.denigris1889.com\/it\/?s={search_term_string}\"},\"query-input\":{\"@type\":\"PropertyValueSpecification\",\"valueRequired\":true,\"valueName\":\"search_term_string\"}}],\"inLanguage\":\"it-IT\"}]}<\/script>\n<!-- \/ Yoast SEO plugin. -->","yoast_head_json":{"title":"Consegniamo i tuoi regali in giornata su Milano! | De Nigris 1889","description":"Grazie a Blink ti assicuriamo la nostra consegna sostenibile in giornata su Milano.Regala il vero sapore di Modena\u2026comodamente da casa!","robots":{"index":"index","follow":"follow","max-snippet":"max-snippet:-1","max-image-preview":"max-image-preview:large","max-video-preview":"max-video-preview:-1"},"canonical":"https:\/\/www.denigris1889.com\/it\/consegna-in-giornata-milano\/","og_locale":"it_IT","og_type":"article","og_title":"Consegniamo i tuoi regali in giornata su Milano! | De Nigris 1889","og_description":"Grazie a Blink ti assicuriamo la nostra consegna sostenibile in giornata su Milano.Regala il vero sapore di Modena\u2026comodamente da casa!","og_url":"https:\/\/www.denigris1889.com\/it\/consegna-in-giornata-milano\/","og_site_name":"De Nigris 1889","article_modified_time":"2021-12-22T15:05:18+00:00","og_image":[{"width":2500,"height":1080,"url":"https:\/\/www.denigris1889.com\/wp-content\/uploads\/2021\/11\/copertina-2.jpg","type":"image\/jpeg"}],"twitter_card":"summary_large_image","twitter_misc":{"Tempo di lettura stimato":"2 minuti"},"schema":{"@context":"https:\/\/schema.org","@graph":[{"@type":"WebPage","@id":"https:\/\/www.denigris1889.com\/it\/consegna-in-giornata-milano\/","url":"https:\/\/www.denigris1889.com\/it\/consegna-in-giornata-milano\/","name":"Consegniamo i tuoi regali in giornata su Milano! | De Nigris 1889","isPartOf":{"@id":"https:\/\/www.denigris1889.com\/it\/#website"},"primaryImageOfPage":{"@id":"https:\/\/www.denigris1889.com\/it\/consegna-in-giornata-milano\/#primaryimage"},"image":{"@id":"https:\/\/www.denigris1889.com\/it\/consegna-in-giornata-milano\/#primaryimage"},"thumbnailUrl":"https:\/\/www.denigris1889.com\/wp-content\/uploads\/2021\/11\/copertina-2.jpg","datePublished":"2021-12-17T08:31:29+00:00","dateModified":"2021-12-22T15:05:18+00:00","description":"Grazie a Blink ti assicuriamo la nostra consegna sostenibile in giornata su Milano.Regala il vero sapore di Modena\u2026comodamente da casa!","breadcrumb":{"@id":"https:\/\/www.denigris1889.com\/it\/consegna-in-giornata-milano\/#breadcrumb"},"inLanguage":"it-IT","potentialAction":[{"@type":"ReadAction","target":["https:\/\/www.denigris1889.com\/it\/consegna-in-giornata-milano\/"]}]},{"@type":"ImageObject","inLanguage":"it-IT","@id":"https:\/\/www.denigris1889.com\/it\/consegna-in-giornata-milano\/#primaryimage","url":"https:\/\/www.denigris1889.com\/wp-content\/uploads\/2021\/11\/copertina-2.jpg","contentUrl":"https:\/\/www.denigris1889.com\/wp-content\/uploads\/2021\/11\/copertina-2.jpg","width":2500,"height":1080},{"@type":"BreadcrumbList","@id":"https:\/\/www.denigris1889.com\/it\/consegna-in-giornata-milano\/#breadcrumb","itemListElement":[{"@type":"ListItem","position":1,"name":"Home","item":"https:\/\/www.denigris1889.com\/it\/"},{"@type":"ListItem","position":2,"name":"Regalo di Natale Last Minute? Te lo consegniamo in giornata su Milano!"}]},{"@type":"WebSite","@id":"https:\/\/www.denigris1889.com\/it\/#website","url":"https:\/\/www.denigris1889.com\/it\/","name":"De Nigris 1889","description":"Acetificio De Nigris 1889","potentialAction":[{"@type":"SearchAction","target":{"@type":"EntryPoint","urlTemplate":"https:\/\/www.denigris1889.com\/it\/?s={search_term_string}"},"query-input":{"@type":"PropertyValueSpecification","valueRequired":true,"valueName":"search_term_string"}}],"inLanguage":"it-IT"}]}},"_links":{"self":[{"href":"https:\/\/www.denigris1889.com\/it\/wp-json\/wp\/v2\/pages\/4290","targetHints":{"allow":["GET"]}}],"collection":[{"href":"https:\/\/www.denigris1889.com\/it\/wp-json\/wp\/v2\/pages"}],"about":[{"href":"https:\/\/www.denigris1889.com\/it\/wp-json\/wp\/v2\/types\/page"}],"author":[{"embeddable":true,"href":"https:\/\/www.denigris1889.com\/it\/wp-json\/wp\/v2\/users\/4"}],"replies":[{"embeddable":true,"href":"https:\/\/www.denigris1889.com\/it\/wp-json\/wp\/v2\/comments?post=4290"}],"version-history":[{"count":16,"href":"https:\/\/www.denigris1889.com\/it\/wp-json\/wp\/v2\/pages\/4290\/revisions"}],"predecessor-version":[{"id":4390,"href":"https:\/\/www.denigris1889.com\/it\/wp-json\/wp\/v2\/pages\/4290\/revisions\/4390"}],"wp:featuredmedia":[{"embeddable":true,"href":"https:\/\/www.denigris1889.com\/it\/wp-json\/wp\/v2\/media\/3851"}],"wp:attachment":[{"href":"https:\/\/www.denigris1889.com\/it\/wp-json\/wp\/v2\/media?parent=4290"}],"curies":[{"name":"wp","href":"https:\/\/api.w.org\/{rel}","templated":true}]}}