{"id":4884,"date":"2022-04-07T15:52:24","date_gmt":"2022-04-07T15:52:24","guid":{"rendered":"https:\/\/denigris1889-com.preview-domain.com\/?page_id=4884"},"modified":"2022-04-07T15:54:24","modified_gmt":"2022-04-07T15:54:24","slug":"marchio-storico-di-interesse-nazionale","status":"publish","type":"page","link":"https:\/\/www.denigris1889.com\/it\/azienda\/marchio-storico-di-interesse-nazionale\/","title":{"rendered":"De Nigris 1889 diventa Marchio Storico di interesse nazionale"},"content":{"rendered":"","protected":false},"excerpt":{"rendered":"","protected":false},"author":4,"featured_media":4886,"parent":838,"menu_order":0,"comment_status":"closed","ping_status":"closed","template":"","meta":{"_acf_changed":false,"inline_featured_image":false,"footnotes":""},"class_list":["post-4884","page","type-page","status-publish","has-post-thumbnail","hentry"],"acf":[],"yoast_head":"<!-- This site is optimized with the Yoast SEO plugin v27.2 - https:\/\/yoast.com\/product\/yoast-seo-wordpress\/ -->\n<title>De Nigris 1889 diventa Marchio Storico di interesse nazionale - De Nigris 1889<\/title>\n<meta name=\"description\" content=\"Perch\u00e9 sa che in quell&#039;istante in cui tutto \u00e8 perfettamente bilanciato, si sprigiona una scintilla che aggiunge pi\u00f9 gusto alla vita.\" \/>\n<meta name=\"robots\" content=\"index, follow, max-snippet:-1, max-image-preview:large, max-video-preview:-1\" \/>\n<link rel=\"canonical\" href=\"https:\/\/www.denigris1889.com\/it\/azienda\/marchio-storico-di-interesse-nazionale\/\" \/>\n<meta property=\"og:locale\" content=\"it_IT\" \/>\n<meta property=\"og:type\" content=\"article\" \/>\n<meta property=\"og:title\" content=\"De Nigris 1889 diventa Marchio Storico di interesse nazionale - De Nigris 1889\" \/>\n<meta property=\"og:description\" content=\"Perch\u00e9 sa che in quell&#039;istante in cui tutto \u00e8 perfettamente bilanciato, si sprigiona una scintilla che aggiunge pi\u00f9 gusto alla vita.\" \/>\n<meta property=\"og:url\" content=\"https:\/\/www.denigris1889.com\/it\/azienda\/marchio-storico-di-interesse-nazionale\/\" \/>\n<meta property=\"og:site_name\" content=\"De Nigris 1889\" \/>\n<meta property=\"article:modified_time\" content=\"2022-04-07T15:54:24+00:00\" \/>\n<meta property=\"og:image\" content=\"https:\/\/www.denigris1889.com\/wp-content\/uploads\/2022\/04\/WhatsApp-Image-2022-04-07-at-17.12.23.jpeg\" \/>\n\t<meta property=\"og:image:width\" content=\"1600\" \/>\n\t<meta property=\"og:image:height\" content=\"400\" \/>\n\t<meta property=\"og:image:type\" content=\"image\/jpeg\" \/>\n<meta name=\"twitter:card\" content=\"summary_large_image\" \/>\n<script type=\"application\/ld+json\" class=\"yoast-schema-graph\">{\"@context\":\"https:\/\/schema.org\",\"@graph\":[{\"@type\":\"WebPage\",\"@id\":\"https:\/\/www.denigris1889.com\/it\/azienda\/marchio-storico-di-interesse-nazionale\/\",\"url\":\"https:\/\/www.denigris1889.com\/it\/azienda\/marchio-storico-di-interesse-nazionale\/\",\"name\":\"De Nigris 1889 diventa Marchio Storico di interesse nazionale - De Nigris 1889\",\"isPartOf\":{\"@id\":\"https:\/\/www.denigris1889.com\/it\/#website\"},\"primaryImageOfPage\":{\"@id\":\"https:\/\/www.denigris1889.com\/it\/azienda\/marchio-storico-di-interesse-nazionale\/#primaryimage\"},\"image\":{\"@id\":\"https:\/\/www.denigris1889.com\/it\/azienda\/marchio-storico-di-interesse-nazionale\/#primaryimage\"},\"thumbnailUrl\":\"https:\/\/www.denigris1889.com\/wp-content\/uploads\/2022\/04\/WhatsApp-Image-2022-04-07-at-17.12.23.jpeg\",\"datePublished\":\"2022-04-07T15:52:24+00:00\",\"dateModified\":\"2022-04-07T15:54:24+00:00\",\"description\":\"Perch\u00e9 sa che in quell'istante in cui tutto \u00e8 perfettamente bilanciato, si sprigiona una scintilla che aggiunge pi\u00f9 gusto alla vita.\",\"breadcrumb\":{\"@id\":\"https:\/\/www.denigris1889.com\/it\/azienda\/marchio-storico-di-interesse-nazionale\/#breadcrumb\"},\"inLanguage\":\"it-IT\",\"potentialAction\":[{\"@type\":\"ReadAction\",\"target\":[\"https:\/\/www.denigris1889.com\/it\/azienda\/marchio-storico-di-interesse-nazionale\/\"]}]},{\"@type\":\"ImageObject\",\"inLanguage\":\"it-IT\",\"@id\":\"https:\/\/www.denigris1889.com\/it\/azienda\/marchio-storico-di-interesse-nazionale\/#primaryimage\",\"url\":\"https:\/\/www.denigris1889.com\/wp-content\/uploads\/2022\/04\/WhatsApp-Image-2022-04-07-at-17.12.23.jpeg\",\"contentUrl\":\"https:\/\/www.denigris1889.com\/wp-content\/uploads\/2022\/04\/WhatsApp-Image-2022-04-07-at-17.12.23.jpeg\",\"width\":1600,\"height\":400},{\"@type\":\"BreadcrumbList\",\"@id\":\"https:\/\/www.denigris1889.com\/it\/azienda\/marchio-storico-di-interesse-nazionale\/#breadcrumb\",\"itemListElement\":[{\"@type\":\"ListItem\",\"position\":1,\"name\":\"Home\",\"item\":\"https:\/\/www.denigris1889.com\/it\/\"},{\"@type\":\"ListItem\",\"position\":2,\"name\":\"Azienda\",\"item\":\"https:\/\/www.denigris1889.com\/it\/azienda\/\"},{\"@type\":\"ListItem\",\"position\":3,\"name\":\"De Nigris 1889 diventa Marchio Storico di interesse nazionale\"}]},{\"@type\":\"WebSite\",\"@id\":\"https:\/\/www.denigris1889.com\/it\/#website\",\"url\":\"https:\/\/www.denigris1889.com\/it\/\",\"name\":\"De Nigris 1889\",\"description\":\"Acetificio De Nigris 1889\",\"potentialAction\":[{\"@type\":\"SearchAction\",\"target\":{\"@type\":\"EntryPoint\",\"urlTemplate\":\"https:\/\/www.denigris1889.com\/it\/?s={search_term_string}\"},\"query-input\":{\"@type\":\"PropertyValueSpecification\",\"valueRequired\":true,\"valueName\":\"search_term_string\"}}],\"inLanguage\":\"it-IT\"}]}<\/script>\n<!-- \/ Yoast SEO plugin. -->","yoast_head_json":{"title":"De Nigris 1889 diventa Marchio Storico di interesse nazionale - De Nigris 1889","description":"Perch\u00e9 sa che in quell'istante in cui tutto \u00e8 perfettamente bilanciato, si sprigiona una scintilla che aggiunge pi\u00f9 gusto alla vita.","robots":{"index":"index","follow":"follow","max-snippet":"max-snippet:-1","max-image-preview":"max-image-preview:large","max-video-preview":"max-video-preview:-1"},"canonical":"https:\/\/www.denigris1889.com\/it\/azienda\/marchio-storico-di-interesse-nazionale\/","og_locale":"it_IT","og_type":"article","og_title":"De Nigris 1889 diventa Marchio Storico di interesse nazionale - De Nigris 1889","og_description":"Perch\u00e9 sa che in quell'istante in cui tutto \u00e8 perfettamente bilanciato, si sprigiona una scintilla che aggiunge pi\u00f9 gusto alla vita.","og_url":"https:\/\/www.denigris1889.com\/it\/azienda\/marchio-storico-di-interesse-nazionale\/","og_site_name":"De Nigris 1889","article_modified_time":"2022-04-07T15:54:24+00:00","og_image":[{"width":1600,"height":400,"url":"https:\/\/www.denigris1889.com\/wp-content\/uploads\/2022\/04\/WhatsApp-Image-2022-04-07-at-17.12.23.jpeg","type":"image\/jpeg"}],"twitter_card":"summary_large_image","schema":{"@context":"https:\/\/schema.org","@graph":[{"@type":"WebPage","@id":"https:\/\/www.denigris1889.com\/it\/azienda\/marchio-storico-di-interesse-nazionale\/","url":"https:\/\/www.denigris1889.com\/it\/azienda\/marchio-storico-di-interesse-nazionale\/","name":"De Nigris 1889 diventa Marchio Storico di interesse nazionale - De Nigris 1889","isPartOf":{"@id":"https:\/\/www.denigris1889.com\/it\/#website"},"primaryImageOfPage":{"@id":"https:\/\/www.denigris1889.com\/it\/azienda\/marchio-storico-di-interesse-nazionale\/#primaryimage"},"image":{"@id":"https:\/\/www.denigris1889.com\/it\/azienda\/marchio-storico-di-interesse-nazionale\/#primaryimage"},"thumbnailUrl":"https:\/\/www.denigris1889.com\/wp-content\/uploads\/2022\/04\/WhatsApp-Image-2022-04-07-at-17.12.23.jpeg","datePublished":"2022-04-07T15:52:24+00:00","dateModified":"2022-04-07T15:54:24+00:00","description":"Perch\u00e9 sa che in quell'istante in cui tutto \u00e8 perfettamente bilanciato, si sprigiona una scintilla che aggiunge pi\u00f9 gusto alla vita.","breadcrumb":{"@id":"https:\/\/www.denigris1889.com\/it\/azienda\/marchio-storico-di-interesse-nazionale\/#breadcrumb"},"inLanguage":"it-IT","potentialAction":[{"@type":"ReadAction","target":["https:\/\/www.denigris1889.com\/it\/azienda\/marchio-storico-di-interesse-nazionale\/"]}]},{"@type":"ImageObject","inLanguage":"it-IT","@id":"https:\/\/www.denigris1889.com\/it\/azienda\/marchio-storico-di-interesse-nazionale\/#primaryimage","url":"https:\/\/www.denigris1889.com\/wp-content\/uploads\/2022\/04\/WhatsApp-Image-2022-04-07-at-17.12.23.jpeg","contentUrl":"https:\/\/www.denigris1889.com\/wp-content\/uploads\/2022\/04\/WhatsApp-Image-2022-04-07-at-17.12.23.jpeg","width":1600,"height":400},{"@type":"BreadcrumbList","@id":"https:\/\/www.denigris1889.com\/it\/azienda\/marchio-storico-di-interesse-nazionale\/#breadcrumb","itemListElement":[{"@type":"ListItem","position":1,"name":"Home","item":"https:\/\/www.denigris1889.com\/it\/"},{"@type":"ListItem","position":2,"name":"Azienda","item":"https:\/\/www.denigris1889.com\/it\/azienda\/"},{"@type":"ListItem","position":3,"name":"De Nigris 1889 diventa Marchio Storico di interesse nazionale"}]},{"@type":"WebSite","@id":"https:\/\/www.denigris1889.com\/it\/#website","url":"https:\/\/www.denigris1889.com\/it\/","name":"De Nigris 1889","description":"Acetificio De Nigris 1889","potentialAction":[{"@type":"SearchAction","target":{"@type":"EntryPoint","urlTemplate":"https:\/\/www.denigris1889.com\/it\/?s={search_term_string}"},"query-input":{"@type":"PropertyValueSpecification","valueRequired":true,"valueName":"search_term_string"}}],"inLanguage":"it-IT"}]}},"_links":{"self":[{"href":"https:\/\/www.denigris1889.com\/it\/wp-json\/wp\/v2\/pages\/4884","targetHints":{"allow":["GET"]}}],"collection":[{"href":"https:\/\/www.denigris1889.com\/it\/wp-json\/wp\/v2\/pages"}],"about":[{"href":"https:\/\/www.denigris1889.com\/it\/wp-json\/wp\/v2\/types\/page"}],"author":[{"embeddable":true,"href":"https:\/\/www.denigris1889.com\/it\/wp-json\/wp\/v2\/users\/4"}],"replies":[{"embeddable":true,"href":"https:\/\/www.denigris1889.com\/it\/wp-json\/wp\/v2\/comments?post=4884"}],"version-history":[{"count":2,"href":"https:\/\/www.denigris1889.com\/it\/wp-json\/wp\/v2\/pages\/4884\/revisions"}],"predecessor-version":[{"id":4891,"href":"https:\/\/www.denigris1889.com\/it\/wp-json\/wp\/v2\/pages\/4884\/revisions\/4891"}],"up":[{"embeddable":true,"href":"https:\/\/www.denigris1889.com\/it\/wp-json\/wp\/v2\/pages\/838"}],"wp:featuredmedia":[{"embeddable":true,"href":"https:\/\/www.denigris1889.com\/it\/wp-json\/wp\/v2\/media\/4886"}],"wp:attachment":[{"href":"https:\/\/www.denigris1889.com\/it\/wp-json\/wp\/v2\/media?parent=4884"}],"curies":[{"name":"wp","href":"https:\/\/api.w.org\/{rel}","templated":true}]}}