{"id":3328,"date":"2021-11-10T12:13:42","date_gmt":"2021-11-10T12:13:42","guid":{"rendered":"https:\/\/denigris1889-com.preview-domain.com\/?post_type=product&#038;p=3328"},"modified":"2025-12-18T02:09:42","modified_gmt":"2025-12-18T02:09:42","slug":"esperienza-balsamica-abbinamento","status":"publish","type":"product","link":"https:\/\/www.denigris1889.com\/it\/prodotti\/collezioni-regalo\/esperienza-balsamica-abbinamento\/","title":{"rendered":"Esperienza Balsamica"},"content":{"rendered":"<p><em>L\u2019esperienza \u201cAbbinamento\u201d ti guida alla scoperta di un grande classico dell\u2019enogastronomia italiana: il nostro Aceto Balsamico di Modena IGP.<\/em><br \/>\n<em>Tre qualit\u00e0 differenti con densit\u00e0 via via pi\u00f9 corpose e diversi equilibri tra agro e dolce: scopri l\u2019Aceto Balsamico di Modena IGP pi\u00f9 adatto ad ogni tuo piatto.<\/em><\/p>\n<p>Una speciale selezione di cofanetti per guidarti in un viaggio alla scoperta di gusti inediti e raffinati.<\/p>\n<p>Scegli l\u2019Esperienza Balsamica pi\u00f9 adatta a te.<\/p>\n","protected":false},"excerpt":{"rendered":"<p>La confezione comprende:<\/p>\n<p>Gusto Avvolgente Aquila Rossa &#8211; Aceto Balsamico di Modena IGP, Gusto Armonioso Aquila Arancio &#8211; Aceto Balsamico di Modena IGP, Gusto Vibrante Aquila Gialla &#8211; Aceto Balsamico di Modena IGP.<\/p>\n","protected":false},"featured_media":13180,"comment_status":"open","ping_status":"closed","template":"","meta":{"_acf_changed":false,"inline_featured_image":false},"product_brand":[],"product_cat":[32],"product_tag":[],"woo-feed-brand":[],"class_list":{"0":"post-3328","1":"product","2":"type-product","3":"status-publish","4":"has-post-thumbnail","6":"product_cat-collezioni-regalo","8":"first","9":"instock","10":"taxable","11":"shipping-taxable","12":"purchasable","13":"product-type-simple"},"acf":[],"yoast_head":"<!-- This site is optimized with the Yoast SEO plugin v27.2 - https:\/\/yoast.com\/product\/yoast-seo-wordpress\/ -->\n<title>Esperienza Balsamica - Abbinamento | De Nigris 1889<\/title>\n<meta name=\"description\" content=\"Scopri e acquista online un regalo gourmet, una speciale selezione di cofanetti per guidarti in un viaggio alla scoperta di gusti inediti e raffinati. Scegli l\u2019Esperienza Balsamica pi\u00f9 adatta a te.\" \/>\n<meta name=\"robots\" content=\"index, follow, max-snippet:-1, max-image-preview:large, max-video-preview:-1\" \/>\n<link rel=\"canonical\" href=\"https:\/\/www.denigris1889.com\/it\/prodotti\/collezioni-regalo\/esperienza-balsamica-abbinamento\/\" \/>\n<meta property=\"og:locale\" content=\"it_IT\" \/>\n<meta property=\"og:type\" content=\"article\" \/>\n<meta property=\"og:title\" content=\"Esperienza Balsamica - Abbinamento | De Nigris 1889\" \/>\n<meta property=\"og:description\" content=\"Scopri e acquista online un regalo gourmet, una speciale selezione di cofanetti per guidarti in un viaggio alla scoperta di gusti inediti e raffinati. Scegli l\u2019Esperienza Balsamica pi\u00f9 adatta a te.\" \/>\n<meta property=\"og:url\" content=\"https:\/\/www.denigris1889.com\/it\/prodotti\/collezioni-regalo\/esperienza-balsamica-abbinamento\/\" \/>\n<meta property=\"og:site_name\" content=\"De Nigris 1889\" \/>\n<meta property=\"article:modified_time\" content=\"2025-12-18T02:09:42+00:00\" \/>\n<meta property=\"og:image\" content=\"https:\/\/www.denigris1889.com\/wp-content\/uploads\/2021\/11\/ABBINAMENTO_FRONTE_WEB.png\" \/>\n\t<meta property=\"og:image:width\" content=\"1533\" \/>\n\t<meta property=\"og:image:height\" content=\"1998\" \/>\n\t<meta property=\"og:image:type\" content=\"image\/png\" \/>\n<meta name=\"twitter:card\" content=\"summary_large_image\" \/>\n<meta name=\"twitter:label1\" content=\"Tempo di lettura stimato\" \/>\n\t<meta name=\"twitter:data1\" content=\"1 minuto\" \/>\n<script type=\"application\/ld+json\" class=\"yoast-schema-graph\">{\"@context\":\"https:\/\/schema.org\",\"@graph\":[{\"@type\":\"WebPage\",\"@id\":\"https:\/\/www.denigris1889.com\/it\/prodotti\/collezioni-regalo\/esperienza-balsamica-abbinamento\/\",\"url\":\"https:\/\/www.denigris1889.com\/it\/prodotti\/collezioni-regalo\/esperienza-balsamica-abbinamento\/\",\"name\":\"Esperienza Balsamica - Abbinamento | De Nigris 1889\",\"isPartOf\":{\"@id\":\"https:\/\/www.denigris1889.com\/it\/#website\"},\"primaryImageOfPage\":{\"@id\":\"https:\/\/www.denigris1889.com\/it\/prodotti\/collezioni-regalo\/esperienza-balsamica-abbinamento\/#primaryimage\"},\"image\":{\"@id\":\"https:\/\/www.denigris1889.com\/it\/prodotti\/collezioni-regalo\/esperienza-balsamica-abbinamento\/#primaryimage\"},\"thumbnailUrl\":\"https:\/\/www.denigris1889.com\/wp-content\/uploads\/2021\/11\/ABBINAMENTO_FRONTE_WEB.png\",\"datePublished\":\"2021-11-10T12:13:42+00:00\",\"dateModified\":\"2025-12-18T02:09:42+00:00\",\"description\":\"Scopri e acquista online un regalo gourmet, una speciale selezione di cofanetti per guidarti in un viaggio alla scoperta di gusti inediti e raffinati. Scegli l\u2019Esperienza Balsamica pi\u00f9 adatta a te.\",\"breadcrumb\":{\"@id\":\"https:\/\/www.denigris1889.com\/it\/prodotti\/collezioni-regalo\/esperienza-balsamica-abbinamento\/#breadcrumb\"},\"inLanguage\":\"it-IT\",\"potentialAction\":[{\"@type\":\"ReadAction\",\"target\":[\"https:\/\/www.denigris1889.com\/it\/prodotti\/collezioni-regalo\/esperienza-balsamica-abbinamento\/\"]}]},{\"@type\":\"ImageObject\",\"inLanguage\":\"it-IT\",\"@id\":\"https:\/\/www.denigris1889.com\/it\/prodotti\/collezioni-regalo\/esperienza-balsamica-abbinamento\/#primaryimage\",\"url\":\"https:\/\/www.denigris1889.com\/wp-content\/uploads\/2021\/11\/ABBINAMENTO_FRONTE_WEB.png\",\"contentUrl\":\"https:\/\/www.denigris1889.com\/wp-content\/uploads\/2021\/11\/ABBINAMENTO_FRONTE_WEB.png\",\"width\":1533,\"height\":1998},{\"@type\":\"BreadcrumbList\",\"@id\":\"https:\/\/www.denigris1889.com\/it\/prodotti\/collezioni-regalo\/esperienza-balsamica-abbinamento\/#breadcrumb\",\"itemListElement\":[{\"@type\":\"ListItem\",\"position\":1,\"name\":\"Home\",\"item\":\"https:\/\/www.denigris1889.com\/it\/\"},{\"@type\":\"ListItem\",\"position\":2,\"name\":\"Prodotti\",\"item\":\"https:\/\/www.denigris1889.com\/it\/shop\/\"},{\"@type\":\"ListItem\",\"position\":3,\"name\":\"Collezioni regalo\",\"item\":\"https:\/\/www.denigris1889.com\/prodotti\/collezioni-regalo\/\"},{\"@type\":\"ListItem\",\"position\":4,\"name\":\"Esperienza Balsamica\"}]},{\"@type\":\"WebSite\",\"@id\":\"https:\/\/www.denigris1889.com\/it\/#website\",\"url\":\"https:\/\/www.denigris1889.com\/it\/\",\"name\":\"De Nigris 1889\",\"description\":\"Acetificio De Nigris 1889\",\"potentialAction\":[{\"@type\":\"SearchAction\",\"target\":{\"@type\":\"EntryPoint\",\"urlTemplate\":\"https:\/\/www.denigris1889.com\/it\/?s={search_term_string}\"},\"query-input\":{\"@type\":\"PropertyValueSpecification\",\"valueRequired\":true,\"valueName\":\"search_term_string\"}}],\"inLanguage\":\"it-IT\"}]}<\/script>\n<!-- \/ Yoast SEO plugin. -->","yoast_head_json":{"title":"Esperienza Balsamica - Abbinamento | De Nigris 1889","description":"Scopri e acquista online un regalo gourmet, una speciale selezione di cofanetti per guidarti in un viaggio alla scoperta di gusti inediti e raffinati. Scegli l\u2019Esperienza Balsamica pi\u00f9 adatta a te.","robots":{"index":"index","follow":"follow","max-snippet":"max-snippet:-1","max-image-preview":"max-image-preview:large","max-video-preview":"max-video-preview:-1"},"canonical":"https:\/\/www.denigris1889.com\/it\/prodotti\/collezioni-regalo\/esperienza-balsamica-abbinamento\/","og_locale":"it_IT","og_type":"article","og_title":"Esperienza Balsamica - Abbinamento | De Nigris 1889","og_description":"Scopri e acquista online un regalo gourmet, una speciale selezione di cofanetti per guidarti in un viaggio alla scoperta di gusti inediti e raffinati. Scegli l\u2019Esperienza Balsamica pi\u00f9 adatta a te.","og_url":"https:\/\/www.denigris1889.com\/it\/prodotti\/collezioni-regalo\/esperienza-balsamica-abbinamento\/","og_site_name":"De Nigris 1889","article_modified_time":"2025-12-18T02:09:42+00:00","og_image":[{"width":1533,"height":1998,"url":"https:\/\/www.denigris1889.com\/wp-content\/uploads\/2021\/11\/ABBINAMENTO_FRONTE_WEB.png","type":"image\/png"}],"twitter_card":"summary_large_image","twitter_misc":{"Tempo di lettura stimato":"1 minuto"},"schema":{"@context":"https:\/\/schema.org","@graph":[{"@type":"WebPage","@id":"https:\/\/www.denigris1889.com\/it\/prodotti\/collezioni-regalo\/esperienza-balsamica-abbinamento\/","url":"https:\/\/www.denigris1889.com\/it\/prodotti\/collezioni-regalo\/esperienza-balsamica-abbinamento\/","name":"Esperienza Balsamica - Abbinamento | De Nigris 1889","isPartOf":{"@id":"https:\/\/www.denigris1889.com\/it\/#website"},"primaryImageOfPage":{"@id":"https:\/\/www.denigris1889.com\/it\/prodotti\/collezioni-regalo\/esperienza-balsamica-abbinamento\/#primaryimage"},"image":{"@id":"https:\/\/www.denigris1889.com\/it\/prodotti\/collezioni-regalo\/esperienza-balsamica-abbinamento\/#primaryimage"},"thumbnailUrl":"https:\/\/www.denigris1889.com\/wp-content\/uploads\/2021\/11\/ABBINAMENTO_FRONTE_WEB.png","datePublished":"2021-11-10T12:13:42+00:00","dateModified":"2025-12-18T02:09:42+00:00","description":"Scopri e acquista online un regalo gourmet, una speciale selezione di cofanetti per guidarti in un viaggio alla scoperta di gusti inediti e raffinati. Scegli l\u2019Esperienza Balsamica pi\u00f9 adatta a te.","breadcrumb":{"@id":"https:\/\/www.denigris1889.com\/it\/prodotti\/collezioni-regalo\/esperienza-balsamica-abbinamento\/#breadcrumb"},"inLanguage":"it-IT","potentialAction":[{"@type":"ReadAction","target":["https:\/\/www.denigris1889.com\/it\/prodotti\/collezioni-regalo\/esperienza-balsamica-abbinamento\/"]}]},{"@type":"ImageObject","inLanguage":"it-IT","@id":"https:\/\/www.denigris1889.com\/it\/prodotti\/collezioni-regalo\/esperienza-balsamica-abbinamento\/#primaryimage","url":"https:\/\/www.denigris1889.com\/wp-content\/uploads\/2021\/11\/ABBINAMENTO_FRONTE_WEB.png","contentUrl":"https:\/\/www.denigris1889.com\/wp-content\/uploads\/2021\/11\/ABBINAMENTO_FRONTE_WEB.png","width":1533,"height":1998},{"@type":"BreadcrumbList","@id":"https:\/\/www.denigris1889.com\/it\/prodotti\/collezioni-regalo\/esperienza-balsamica-abbinamento\/#breadcrumb","itemListElement":[{"@type":"ListItem","position":1,"name":"Home","item":"https:\/\/www.denigris1889.com\/it\/"},{"@type":"ListItem","position":2,"name":"Prodotti","item":"https:\/\/www.denigris1889.com\/it\/shop\/"},{"@type":"ListItem","position":3,"name":"Collezioni regalo","item":"https:\/\/www.denigris1889.com\/prodotti\/collezioni-regalo\/"},{"@type":"ListItem","position":4,"name":"Esperienza Balsamica"}]},{"@type":"WebSite","@id":"https:\/\/www.denigris1889.com\/it\/#website","url":"https:\/\/www.denigris1889.com\/it\/","name":"De Nigris 1889","description":"Acetificio De Nigris 1889","potentialAction":[{"@type":"SearchAction","target":{"@type":"EntryPoint","urlTemplate":"https:\/\/www.denigris1889.com\/it\/?s={search_term_string}"},"query-input":{"@type":"PropertyValueSpecification","valueRequired":true,"valueName":"search_term_string"}}],"inLanguage":"it-IT"}]}},"_links":{"self":[{"href":"https:\/\/www.denigris1889.com\/it\/wp-json\/wp\/v2\/product\/3328","targetHints":{"allow":["GET"]}}],"collection":[{"href":"https:\/\/www.denigris1889.com\/it\/wp-json\/wp\/v2\/product"}],"about":[{"href":"https:\/\/www.denigris1889.com\/it\/wp-json\/wp\/v2\/types\/product"}],"replies":[{"embeddable":true,"href":"https:\/\/www.denigris1889.com\/it\/wp-json\/wp\/v2\/comments?post=3328"}],"wp:featuredmedia":[{"embeddable":true,"href":"https:\/\/www.denigris1889.com\/it\/wp-json\/wp\/v2\/media\/13180"}],"wp:attachment":[{"href":"https:\/\/www.denigris1889.com\/it\/wp-json\/wp\/v2\/media?parent=3328"}],"wp:term":[{"taxonomy":"product_brand","embeddable":true,"href":"https:\/\/www.denigris1889.com\/it\/wp-json\/wp\/v2\/product_brand?post=3328"},{"taxonomy":"product_cat","embeddable":true,"href":"https:\/\/www.denigris1889.com\/it\/wp-json\/wp\/v2\/product_cat?post=3328"},{"taxonomy":"product_tag","embeddable":true,"href":"https:\/\/www.denigris1889.com\/it\/wp-json\/wp\/v2\/product_tag?post=3328"},{"taxonomy":"woo-feed-brand","embeddable":true,"href":"https:\/\/www.denigris1889.com\/it\/wp-json\/wp\/v2\/woo-feed-brand?post=3328"}],"curies":[{"name":"wp","href":"https:\/\/api.w.org\/{rel}","templated":true}]}}